{"id":18966,"date":"2021-09-23T03:06:58","date_gmt":"2021-09-23T03:06:58","guid":{"rendered":"https:\/\/ztsports.com\/?post_type=product&#038;p=18966"},"modified":"2026-02-02T19:43:12","modified_gmt":"2026-02-02T19:43:12","slug":"bont-inline-brake-rupture-de-ligne","status":"publish","type":"product","link":"https:\/\/ztsports.com\/fr\/store\/bont-inline-brake-rupture-de-ligne\/","title":{"rendered":"BONT INLINE BRAKE \/ FREIN INLINE BONT pour cadres 2 et 3 pts"},"content":{"rendered":"<h2>FREIN INLINE BONT pour cadres 2 et 3 pts<\/h2>\n<p>Ce frein en ligne Bont fonctionne tr\u00e8s bien pour les patineurs qui aiment les patins de vitesse mais qui n&#8217;ont pas le frein qu&#8217;ils ont l&#8217;habitude d&#8217;utiliser sur leurs rollers ou leurs patins de loisir. La plupart des rollers et des patins de loisir sont \u00e9quip\u00e9s d&#8217;un frein. Les patineurs se familiarisent avec l&#8217;utilisation de l&#8217;arr\u00eat. Les patineurs de vitesse utilisent normalement une technique de marche en chasse-neige ou un T-STOP. Jusqu&#8217;\u00e0 ce que vous appreniez \u00e0 le faire, un frein \u00e0 talon est une bonne id\u00e9e. En outre, le caoutchouc de ce frein est durable et rempla\u00e7able.<\/p>\n<p><strong>Bont Inline Brake pour les cadres de roues en ligne<\/strong><\/p>\n<p>Ce frein de patinage de vitesse en ligne convient aux <strong>cadres Bont<\/strong> avec des roues de 80 \u00e0 110 mm et ne fonctionne pas avec les cadres \u00e0 3 roues. Il s&#8217;adapte \u00e0 la plupart des marques de patins de vitesse \u00e0 4 roues.<\/p>\n<p>De plus, avec <strong>des axes de 8 mm, le frein s&#8217;adapte aux cadres 3 points et 2 points <\/strong>.<\/p>\n<p>Il y a un suppl\u00e9ment pour les axes de 8mm, veuillez le noter dans votre commande et nous ajusterons votre facture.<\/p>\n<p>Enfin, il s&#8217;agit d&#8217;un frein unique pour un seul cadre.<\/p>\n<p>Remarque : les roues et le cadre ne sont pas inclus.<\/p>\n<p>Finley vous pouvez voir tous nos <a href=\"https:\/\/ztsports.com\/product-category\/inline-speed-skating\/frames\/\"><strong>cadres de vitesse en ligne ici<\/strong><\/a>.<\/p>\n","protected":false},"excerpt":{"rendered":"<p>FREIN INLINE BONT pour cadres 2 et 3 pts Ce frein en ligne Bont fonctionne tr\u00e8s bien pour les patineurs qui aiment les patins de vitesse mais qui n&#8217;ont pas le frein qu&#8217;ils ont l&#8217;habitude d&#8217;utiliser sur leurs rollers ou leurs patins de loisir. La plupart des rollers et des patins de loisir sont \u00e9quip\u00e9s [&hellip;]<\/p>\n","protected":false},"featured_media":18219,"comment_status":"open","ping_status":"closed","template":"","meta":{"_acf_changed":false,"_monsterinsights_skip_tracking":false,"_monsterinsights_sitenote_active":false,"_monsterinsights_sitenote_note":"","_monsterinsights_sitenote_category":0,"_uf_show_specific_survey":0,"_uf_disable_surveys":false,"site-sidebar-layout":"default","site-content-layout":"","ast-site-content-layout":"default","site-content-style":"default","site-sidebar-style":"default","ast-global-header-display":"","ast-banner-title-visibility":"","ast-main-header-display":"","ast-hfb-above-header-display":"","ast-hfb-below-header-display":"","ast-hfb-mobile-header-display":"","site-post-title":"","ast-breadcrumbs-content":"","ast-featured-img":"","footer-sml-layout":"","ast-disable-related-posts":"","theme-transparent-header-meta":"default","adv-header-id-meta":"","stick-header-meta":"","header-above-stick-meta":"","header-main-stick-meta":"","header-below-stick-meta":"","astra-migrate-meta-layouts":"set","ast-page-background-enabled":"default","ast-page-background-meta":{"desktop":{"background-color":"","background-image":"","background-repeat":"repeat","background-position":"center center","background-size":"auto","background-attachment":"scroll","background-type":"","background-media":"","overlay-type":"","overlay-color":"","overlay-opacity":"","overlay-gradient":""},"tablet":{"background-color":"","background-image":"","background-repeat":"repeat","background-position":"center center","background-size":"auto","background-attachment":"scroll","background-type":"","background-media":"","overlay-type":"","overlay-color":"","overlay-opacity":"","overlay-gradient":""},"mobile":{"background-color":"","background-image":"","background-repeat":"repeat","background-position":"center center","background-size":"auto","background-attachment":"scroll","background-type":"","background-media":"","overlay-type":"","overlay-color":"","overlay-opacity":"","overlay-gradient":""}},"ast-content-background-meta":{"desktop":{"background-color":"var(--ast-global-color-5)","background-image":"","background-repeat":"repeat","background-position":"center center","background-size":"auto","background-attachment":"scroll","background-type":"","background-media":"","overlay-type":"","overlay-color":"","overlay-opacity":"","overlay-gradient":""},"tablet":{"background-color":"var(--ast-global-color-5)","background-image":"","background-repeat":"repeat","background-position":"center center","background-size":"auto","background-attachment":"scroll","background-type":"","background-media":"","overlay-type":"","overlay-color":"","overlay-opacity":"","overlay-gradient":""},"mobile":{"background-color":"var(--ast-global-color-5)","background-image":"","background-repeat":"repeat","background-position":"center center","background-size":"auto","background-attachment":"scroll","background-type":"","background-media":"","overlay-type":"","overlay-color":"","overlay-opacity":"","overlay-gradient":""}}},"product_brand":[3285],"product_cat":[3433,3434,3381],"product_tag":[3435,3436,3437,3438],"class_list":{"0":"post-18966","1":"product","2":"type-product","3":"status-publish","4":"has-post-thumbnail","6":"product_brand-bont","7":"product_cat-accessories","8":"product_cat-cadres","9":"product_cat-patinage-de-vitesse-en-ligne","10":"product_tag-frein-en-ligne","11":"product_tag-frein-en-ligne-bont","12":"product_tag-frein-pour-cadre-en-ligne","13":"product_tag-patinage-de-vitesse-en-ligne-frein","14":"desktop-align-left","15":"tablet-align-left","16":"mobile-align-left","18":"first","19":"instock","20":"taxable","21":"shipping-taxable","22":"purchasable","23":"product-type-simple"},"acf":[],"_links":{"self":[{"href":"https:\/\/ztsports.com\/fr\/wp-json\/wp\/v2\/product\/18966","targetHints":{"allow":["GET"]}}],"collection":[{"href":"https:\/\/ztsports.com\/fr\/wp-json\/wp\/v2\/product"}],"about":[{"href":"https:\/\/ztsports.com\/fr\/wp-json\/wp\/v2\/types\/product"}],"replies":[{"embeddable":true,"href":"https:\/\/ztsports.com\/fr\/wp-json\/wp\/v2\/comments?post=18966"}],"version-history":[{"count":1,"href":"https:\/\/ztsports.com\/fr\/wp-json\/wp\/v2\/product\/18966\/revisions"}],"predecessor-version":[{"id":18967,"href":"https:\/\/ztsports.com\/fr\/wp-json\/wp\/v2\/product\/18966\/revisions\/18967"}],"wp:featuredmedia":[{"embeddable":true,"href":"https:\/\/ztsports.com\/fr\/wp-json\/wp\/v2\/media\/18219"}],"wp:attachment":[{"href":"https:\/\/ztsports.com\/fr\/wp-json\/wp\/v2\/media?parent=18966"}],"wp:term":[{"taxonomy":"product_brand","embeddable":true,"href":"https:\/\/ztsports.com\/fr\/wp-json\/wp\/v2\/product_brand?post=18966"},{"taxonomy":"product_cat","embeddable":true,"href":"https:\/\/ztsports.com\/fr\/wp-json\/wp\/v2\/product_cat?post=18966"},{"taxonomy":"product_tag","embeddable":true,"href":"https:\/\/ztsports.com\/fr\/wp-json\/wp\/v2\/product_tag?post=18966"}],"curies":[{"name":"wp","href":"https:\/\/api.w.org\/{rel}","templated":true}]}}