{"id":18964,"date":"2021-09-23T03:08:05","date_gmt":"2021-09-23T03:08:05","guid":{"rendered":"https:\/\/ztsports.com\/?post_type=product&#038;p=18964"},"modified":"2026-02-02T19:30:38","modified_gmt":"2026-02-02T19:30:38","slug":"688-entretoises-autocentrantes","status":"publish","type":"product","link":"https:\/\/ztsports.com\/fr\/store\/688-entretoises-autocentrantes\/","title":{"rendered":"688 Entretoises autocentrantes pour roulements en ligne"},"content":{"rendered":"<h2>688 S<em>elf<\/em>-C<em>entering <\/em> <em>Spacers for mini inline bearings<\/em><\/h2>\n<h4>688 Entretoises autocentrantes<\/h4>\n<p>Ces entretoises autocentrantes 688<em> pour mini roulements \u00e0 billes en ligne fonctionnent mieux avec les <\/em><a href=\"https:\/\/ztsports.com\/product\/ninja-minimier-adaptors-608-688\/\">adaptateurs Luigino pour mini roulements \u00e0 billes<\/a>. Gr\u00e2ce \u00e0 ces adaptateurs, vous pouvez convertir vos roues en ligne 608 standard en mini-roulements 688 plus l\u00e9gers et plus rapides.<\/p>\n<p>Les entretoises \u00e0 centrage automatique permettent de changer les roues rapidement et facilement, les axes se glissent dans les roues sans qu&#8217;il soit n\u00e9cessaire de les manipuler.<\/p>\n<h4>688 Entretoises autocentrantes<\/h4>\n<p>Vendu par lot de 8 $24.00 En outre, vendu \u00e0 l&#8217;unit\u00e9 $3.50<\/p>\n<p>Enfin, voyez tous nos roulements et pi\u00e8ces de rechange. <a href=\"https:\/\/ztsports.com\/product-category\/roller-skates\/bearings-tools\/\"><strong>roulements et pi\u00e8ces<\/strong><\/a> ici.<\/p>\n","protected":false},"excerpt":{"rendered":"<p>688 Self-Centering Spacers for mini inline bearings 688 Entretoises autocentrantes Ces entretoises autocentrantes 688 pour mini roulements \u00e0 billes en ligne fonctionnent mieux avec les adaptateurs Luigino pour mini roulements \u00e0 billes. Gr\u00e2ce \u00e0 ces adaptateurs, vous pouvez convertir vos roues en ligne 608 standard en mini-roulements 688 plus l\u00e9gers et plus rapides. Les entretoises [&hellip;]<\/p>\n","protected":false},"featured_media":18215,"comment_status":"open","ping_status":"closed","template":"","meta":{"_acf_changed":false,"_monsterinsights_skip_tracking":false,"_monsterinsights_sitenote_active":false,"_monsterinsights_sitenote_note":"","_monsterinsights_sitenote_category":0,"_uf_show_specific_survey":0,"_uf_disable_surveys":false,"site-sidebar-layout":"default","site-content-layout":"","ast-site-content-layout":"default","site-content-style":"default","site-sidebar-style":"default","ast-global-header-display":"","ast-banner-title-visibility":"","ast-main-header-display":"","ast-hfb-above-header-display":"","ast-hfb-below-header-display":"","ast-hfb-mobile-header-display":"","site-post-title":"","ast-breadcrumbs-content":"","ast-featured-img":"","footer-sml-layout":"","ast-disable-related-posts":"","theme-transparent-header-meta":"default","adv-header-id-meta":"","stick-header-meta":"","header-above-stick-meta":"","header-main-stick-meta":"","header-below-stick-meta":"","astra-migrate-meta-layouts":"set","ast-page-background-enabled":"default","ast-page-background-meta":{"desktop":{"background-color":"","background-image":"","background-repeat":"repeat","background-position":"center center","background-size":"auto","background-attachment":"scroll","background-type":"","background-media":"","overlay-type":"","overlay-color":"","overlay-opacity":"","overlay-gradient":""},"tablet":{"background-color":"","background-image":"","background-repeat":"repeat","background-position":"center center","background-size":"auto","background-attachment":"scroll","background-type":"","background-media":"","overlay-type":"","overlay-color":"","overlay-opacity":"","overlay-gradient":""},"mobile":{"background-color":"","background-image":"","background-repeat":"repeat","background-position":"center center","background-size":"auto","background-attachment":"scroll","background-type":"","background-media":"","overlay-type":"","overlay-color":"","overlay-opacity":"","overlay-gradient":""}},"ast-content-background-meta":{"desktop":{"background-color":"var(--ast-global-color-5)","background-image":"","background-repeat":"repeat","background-position":"center center","background-size":"auto","background-attachment":"scroll","background-type":"","background-media":"","overlay-type":"","overlay-color":"","overlay-opacity":"","overlay-gradient":""},"tablet":{"background-color":"var(--ast-global-color-5)","background-image":"","background-repeat":"repeat","background-position":"center center","background-size":"auto","background-attachment":"scroll","background-type":"","background-media":"","overlay-type":"","overlay-color":"","overlay-opacity":"","overlay-gradient":""},"mobile":{"background-color":"var(--ast-global-color-5)","background-image":"","background-repeat":"repeat","background-position":"center center","background-size":"auto","background-attachment":"scroll","background-type":"","background-media":"","overlay-type":"","overlay-color":"","overlay-opacity":"","overlay-gradient":""}}},"product_brand":[3285,3289,3317,3319],"product_cat":[3429,3407,3409],"product_tag":[2549,3430,3431,3432],"class_list":{"0":"post-18964","1":"product","2":"type-product","3":"status-publish","4":"has-post-thumbnail","6":"product_brand-bont","7":"product_brand-cadomotus","8":"product_brand-luigino","9":"product_brand-maplez","10":"product_cat-pieces-et-outils","11":"product_cat-roulements","12":"product_cat-roulements-et-outils","13":"product_tag-2549","14":"product_tag-entretoises-autocentrantes","15":"product_tag-entretoises-de-palier","16":"product_tag-vitesse-des-pieces-en-ligne","17":"desktop-align-left","18":"tablet-align-left","19":"mobile-align-left","21":"first","22":"instock","23":"taxable","24":"shipping-taxable","25":"purchasable","26":"product-type-simple"},"acf":[],"_links":{"self":[{"href":"https:\/\/ztsports.com\/fr\/wp-json\/wp\/v2\/product\/18964","targetHints":{"allow":["GET"]}}],"collection":[{"href":"https:\/\/ztsports.com\/fr\/wp-json\/wp\/v2\/product"}],"about":[{"href":"https:\/\/ztsports.com\/fr\/wp-json\/wp\/v2\/types\/product"}],"replies":[{"embeddable":true,"href":"https:\/\/ztsports.com\/fr\/wp-json\/wp\/v2\/comments?post=18964"}],"version-history":[{"count":1,"href":"https:\/\/ztsports.com\/fr\/wp-json\/wp\/v2\/product\/18964\/revisions"}],"predecessor-version":[{"id":18965,"href":"https:\/\/ztsports.com\/fr\/wp-json\/wp\/v2\/product\/18964\/revisions\/18965"}],"wp:featuredmedia":[{"embeddable":true,"href":"https:\/\/ztsports.com\/fr\/wp-json\/wp\/v2\/media\/18215"}],"wp:attachment":[{"href":"https:\/\/ztsports.com\/fr\/wp-json\/wp\/v2\/media?parent=18964"}],"wp:term":[{"taxonomy":"product_brand","embeddable":true,"href":"https:\/\/ztsports.com\/fr\/wp-json\/wp\/v2\/product_brand?post=18964"},{"taxonomy":"product_cat","embeddable":true,"href":"https:\/\/ztsports.com\/fr\/wp-json\/wp\/v2\/product_cat?post=18964"},{"taxonomy":"product_tag","embeddable":true,"href":"https:\/\/ztsports.com\/fr\/wp-json\/wp\/v2\/product_tag?post=18964"}],"curies":[{"name":"wp","href":"https:\/\/api.w.org\/{rel}","templated":true}]}}