{"id":18959,"date":"2021-09-23T03:08:05","date_gmt":"2021-09-23T03:08:05","guid":{"rendered":"https:\/\/ztsports.com\/?post_type=product&#038;p=18959"},"modified":"2026-02-02T19:30:21","modified_gmt":"2026-02-02T19:30:21","slug":"bont-carbon-wedges-8","status":"publish","type":"product","link":"https:\/\/ztsports.com\/fr\/store\/bont-carbon-wedges-8\/","title":{"rendered":"BONT Carbon Wedges\/Cales en carbone BONT (8) pour patins \u00e0 roues align\u00e9es et patins \u00e0 glace"},"content":{"rendered":"<h1>Cales en carbone BONT (8)<\/h1>\n<p><strong>BONT Carbon Wedges\u00a0<\/strong><\/p>\n<p>Les cales en carbone de Bont s&#8217;embo\u00eetent les unes dans les autres. Ils ont une \u00ef\u00bf\u00bdpaisseur de 1 mm. Vous pouvez les verrouiller ensemble pour former un coin afin d&#8217;incliner votre lame ou votre cadre, ou vous pouvez les inverser et ils forment alors un bloc solide pour un profil plus \u00e9lev\u00e9.<\/p>\n<p>BONT Carbon Wedges\/BONT Cales en carbone (8) (SHIMS)<\/p>\n<p>Les cales peuvent \u00eatre utilis\u00e9es pour les patins de vitesse en ligne ainsi que pour les lames de short track. Vous pouvez les utiliser si vous souhaitez cr\u00e9er un angle entre votre botte en ligne et le cadre. En outre, de nombreux patineurs d&#8217;\u00e9lite en ligne et en vitesse sur glace utilisent ces cales pour cr\u00e9er un l\u00e9ger angle entre la chaussure et le cadre.<\/p>\n<p>En outre, ils sont utilis\u00e9s pour corriger les patineurs qui souffrent de <a href=\"https:\/\/www.youtube.com\/watch?v=PJLcyxfBYeE\" target=\"_blank\" rel=\"noopener\"><strong>Pronation et\/ou Supination.<\/strong><\/a><\/p>\n","protected":false},"excerpt":{"rendered":"<p>Cales en carbone BONT (8) BONT Carbon Wedges\u00a0 Les cales en carbone de Bont s&#8217;embo\u00eetent les unes dans les autres. Ils ont une \u00ef\u00bf\u00bdpaisseur de 1 mm. Vous pouvez les verrouiller ensemble pour former un coin afin d&#8217;incliner votre lame ou votre cadre, ou vous pouvez les inverser et ils forment alors un bloc solide [&hellip;]<\/p>\n","protected":false},"featured_media":18961,"comment_status":"open","ping_status":"closed","template":"","meta":{"_acf_changed":false,"_monsterinsights_skip_tracking":false,"_monsterinsights_sitenote_active":false,"_monsterinsights_sitenote_note":"","_monsterinsights_sitenote_category":0,"_uf_show_specific_survey":0,"_uf_disable_surveys":false,"site-sidebar-layout":"default","site-content-layout":"","ast-site-content-layout":"default","site-content-style":"default","site-sidebar-style":"default","ast-global-header-display":"","ast-banner-title-visibility":"","ast-main-header-display":"","ast-hfb-above-header-display":"","ast-hfb-below-header-display":"","ast-hfb-mobile-header-display":"","site-post-title":"","ast-breadcrumbs-content":"","ast-featured-img":"","footer-sml-layout":"","ast-disable-related-posts":"","theme-transparent-header-meta":"default","adv-header-id-meta":"","stick-header-meta":"","header-above-stick-meta":"","header-main-stick-meta":"","header-below-stick-meta":"","astra-migrate-meta-layouts":"set","ast-page-background-enabled":"default","ast-page-background-meta":{"desktop":{"background-color":"","background-image":"","background-repeat":"repeat","background-position":"center center","background-size":"auto","background-attachment":"scroll","background-type":"","background-media":"","overlay-type":"","overlay-color":"","overlay-opacity":"","overlay-gradient":""},"tablet":{"background-color":"","background-image":"","background-repeat":"repeat","background-position":"center center","background-size":"auto","background-attachment":"scroll","background-type":"","background-media":"","overlay-type":"","overlay-color":"","overlay-opacity":"","overlay-gradient":""},"mobile":{"background-color":"","background-image":"","background-repeat":"repeat","background-position":"center center","background-size":"auto","background-attachment":"scroll","background-type":"","background-media":"","overlay-type":"","overlay-color":"","overlay-opacity":"","overlay-gradient":""}},"ast-content-background-meta":{"desktop":{"background-color":"var(--ast-global-color-5)","background-image":"","background-repeat":"repeat","background-position":"center center","background-size":"auto","background-attachment":"scroll","background-type":"","background-media":"","overlay-type":"","overlay-color":"","overlay-opacity":"","overlay-gradient":""},"tablet":{"background-color":"var(--ast-global-color-5)","background-image":"","background-repeat":"repeat","background-position":"center center","background-size":"auto","background-attachment":"scroll","background-type":"","background-media":"","overlay-type":"","overlay-color":"","overlay-opacity":"","overlay-gradient":""},"mobile":{"background-color":"var(--ast-global-color-5)","background-image":"","background-repeat":"repeat","background-position":"center center","background-size":"auto","background-attachment":"scroll","background-type":"","background-media":"","overlay-type":"","overlay-color":"","overlay-opacity":"","overlay-gradient":""}}},"product_brand":[3285],"product_cat":[3422,3389,3391,3392,3396,3433,3553,3467],"product_tag":[],"class_list":{"0":"post-18959","1":"product","2":"type-product","3":"status-publish","4":"has-post-thumbnail","6":"product_brand-bont","7":"product_cat-accessoires","8":"product_cat-accessoires-longue-piste","9":"product_cat-accessoires-pour-la-longue-piste","10":"product_cat-accessoires-short-track","11":"product_cat-accessories","13":"product_cat-aides-a-lentrainement-et-a-la-formation","14":"product_cat-patinage-de-vitesse","15":"desktop-align-left","16":"tablet-align-left","17":"mobile-align-left","19":"first","20":"instock","21":"taxable","22":"shipping-taxable","23":"purchasable","24":"product-type-simple"},"acf":[],"_links":{"self":[{"href":"https:\/\/ztsports.com\/fr\/wp-json\/wp\/v2\/product\/18959","targetHints":{"allow":["GET"]}}],"collection":[{"href":"https:\/\/ztsports.com\/fr\/wp-json\/wp\/v2\/product"}],"about":[{"href":"https:\/\/ztsports.com\/fr\/wp-json\/wp\/v2\/types\/product"}],"replies":[{"embeddable":true,"href":"https:\/\/ztsports.com\/fr\/wp-json\/wp\/v2\/comments?post=18959"}],"version-history":[{"count":1,"href":"https:\/\/ztsports.com\/fr\/wp-json\/wp\/v2\/product\/18959\/revisions"}],"predecessor-version":[{"id":18960,"href":"https:\/\/ztsports.com\/fr\/wp-json\/wp\/v2\/product\/18959\/revisions\/18960"}],"wp:featuredmedia":[{"embeddable":true,"href":"https:\/\/ztsports.com\/fr\/wp-json\/wp\/v2\/media\/18961"}],"wp:attachment":[{"href":"https:\/\/ztsports.com\/fr\/wp-json\/wp\/v2\/media?parent=18959"}],"wp:term":[{"taxonomy":"product_brand","embeddable":true,"href":"https:\/\/ztsports.com\/fr\/wp-json\/wp\/v2\/product_brand?post=18959"},{"taxonomy":"product_cat","embeddable":true,"href":"https:\/\/ztsports.com\/fr\/wp-json\/wp\/v2\/product_cat?post=18959"},{"taxonomy":"product_tag","embeddable":true,"href":"https:\/\/ztsports.com\/fr\/wp-json\/wp\/v2\/product_tag?post=18959"}],"curies":[{"name":"wp","href":"https:\/\/api.w.org\/{rel}","templated":true}]}}