{"id":18954,"date":"2021-09-23T03:08:05","date_gmt":"2021-09-23T03:08:05","guid":{"rendered":"https:\/\/ztsports.com\/?post_type=product&#038;p=18954"},"modified":"2026-02-02T19:30:10","modified_gmt":"2026-02-02T19:30:10","slug":"adaptateurs-de-roulements","status":"publish","type":"product","link":"https:\/\/ztsports.com\/fr\/store\/adaptateurs-de-roulements\/","title":{"rendered":"Adaptateurs de roulements Ninja Minimizer (608 \u00e0 688)"},"content":{"rendered":"<h2>Adaptateurs de roulements Ninja Minimizer<\/h2>\n<p>Adaptateurs de roulements Ninja Minimizer (608 \u00e0 688) Adaptateurs en fibre de carbone Le mini-Miser est un nouveau syst\u00e8me r\u00e9volutionnaire d&#8217;am\u00e9lioration des roulements ultral\u00e9gers. Il remplace le roulement 608 standard dans toutes les roues de skate standard de l&#8217;industrie.<\/p>\n<p>Comprend les entretoises 688 Mini-Miser, incroyablement l\u00e9g\u00e8res, mais solides et tr\u00e8s performantes. Le syst\u00e8me peut \u00eatre facilement transf\u00e9r\u00e9 d&#8217;un jeu de roues \u00e0 un autre, une fois que les manchons et les entretoises ont \u00e9t\u00e9 install\u00e9s.<\/p>\n<p>Seuls les roulements doivent alors \u00eatre remplac\u00e9s occasionnellement, comme c&#8217;est le cas pour les 608 conventionnelles. Le mini adaptateur de roulement en ligne 688 est fabriqu\u00e9 en fibre de carbone. L&#8217;adaptateur de roulement s&#8217;adapte sur vos mini roulements 688 afin qu&#8217;ils puissent \u00ef\u00bf\u00bdtre utilis\u00ef\u00bf\u00bds dans un moyeu de roue 608. Vous aurez besoin d&#8217;un adaptateur par roulement.<\/p>\n<h3>Adaptateurs de roulements Ninja Minimizer<\/h3>\n<p>&#8211; R\u00e9duction du poids des roulements de 70 % &#8211; R\u00e9sistance au roulement plus faible et meilleure acc\u00e9l\u00e9ration que les roulements 608 conventionnels &#8211; Plus l\u00e9ger, plus rapide et plus rapide, tels sont les avantages d\u00e9cisifs du Mini-Miser.<\/p>\n<h4><strong> Vendu par paire (2 adaptateurs) Vous aurez besoin d&#8217;un adaptateur par roulement. 2 adaptateurs par roue.<\/strong><\/h4>\n<h4>Ces adaptateurs de palier Ninja Minimizer fonctionnent mieux avec les <a href=\"https:\/\/ztsports.com\/produit\/688-entretoises-autocentrantes\/?lang=fr\"><strong>Entretoises autocentrantes<\/strong><\/a>.<\/h4>\n<p>L&#8217;utilisation de mini-roulements pr\u00e9sente <strong>deux avantages<\/strong>.<\/p>\n<p><strong>Tout d&#8217;abord<\/strong>, vous cr\u00e9ez une installation beaucoup plus l\u00e9g\u00e8re puisqu&#8217;un roulement 608 p\u00e8se 12 grammes, contre 4 grammes pour un mini roulement et 1 gramme pour un adaptateur. Les roulements<\/p>\n<p><strong>Second<\/strong> Mini s&#8217;enroulent plus rapidement que les roulements 608 ordinaires<\/p>\n<p>Consultez tous nos <a href=\"https:\/\/ztsports.com\/product-category\/roller-skates\/bearings-tools\/\"><strong>les roulements, les pi\u00e8ces et les outils.<\/strong><\/a><\/p>\n","protected":false},"excerpt":{"rendered":"<p>Adaptateurs de roulements Ninja Minimizer Adaptateurs de roulements Ninja Minimizer (608 \u00e0 688) Adaptateurs en fibre de carbone Le mini-Miser est un nouveau syst\u00e8me r\u00e9volutionnaire d&#8217;am\u00e9lioration des roulements ultral\u00e9gers. Il remplace le roulement 608 standard dans toutes les roues de skate standard de l&#8217;industrie. Comprend les entretoises 688 Mini-Miser, incroyablement l\u00e9g\u00e8res, mais solides et tr\u00e8s [&hellip;]<\/p>\n","protected":false},"featured_media":18956,"comment_status":"open","ping_status":"closed","template":"","meta":{"_acf_changed":false,"_monsterinsights_skip_tracking":false,"_monsterinsights_sitenote_active":false,"_monsterinsights_sitenote_note":"","_monsterinsights_sitenote_category":0,"_uf_show_specific_survey":0,"_uf_disable_surveys":false,"site-sidebar-layout":"default","site-content-layout":"","ast-site-content-layout":"default","site-content-style":"default","site-sidebar-style":"default","ast-global-header-display":"","ast-banner-title-visibility":"","ast-main-header-display":"","ast-hfb-above-header-display":"","ast-hfb-below-header-display":"","ast-hfb-mobile-header-display":"","site-post-title":"","ast-breadcrumbs-content":"","ast-featured-img":"","footer-sml-layout":"","ast-disable-related-posts":"","theme-transparent-header-meta":"default","adv-header-id-meta":"","stick-header-meta":"","header-above-stick-meta":"","header-main-stick-meta":"","header-below-stick-meta":"","astra-migrate-meta-layouts":"set","ast-page-background-enabled":"default","ast-page-background-meta":{"desktop":{"background-color":"","background-image":"","background-repeat":"repeat","background-position":"center center","background-size":"auto","background-attachment":"scroll","background-type":"","background-media":"","overlay-type":"","overlay-color":"","overlay-opacity":"","overlay-gradient":""},"tablet":{"background-color":"","background-image":"","background-repeat":"repeat","background-position":"center center","background-size":"auto","background-attachment":"scroll","background-type":"","background-media":"","overlay-type":"","overlay-color":"","overlay-opacity":"","overlay-gradient":""},"mobile":{"background-color":"","background-image":"","background-repeat":"repeat","background-position":"center center","background-size":"auto","background-attachment":"scroll","background-type":"","background-media":"","overlay-type":"","overlay-color":"","overlay-opacity":"","overlay-gradient":""}},"ast-content-background-meta":{"desktop":{"background-color":"var(--ast-global-color-5)","background-image":"","background-repeat":"repeat","background-position":"center center","background-size":"auto","background-attachment":"scroll","background-type":"","background-media":"","overlay-type":"","overlay-color":"","overlay-opacity":"","overlay-gradient":""},"tablet":{"background-color":"var(--ast-global-color-5)","background-image":"","background-repeat":"repeat","background-position":"center center","background-size":"auto","background-attachment":"scroll","background-type":"","background-media":"","overlay-type":"","overlay-color":"","overlay-opacity":"","overlay-gradient":""},"mobile":{"background-color":"var(--ast-global-color-5)","background-image":"","background-repeat":"repeat","background-position":"center center","background-size":"auto","background-attachment":"scroll","background-type":"","background-media":"","overlay-type":"","overlay-color":"","overlay-opacity":"","overlay-gradient":""}}},"product_brand":[3327],"product_cat":[3429,3407,3409],"product_tag":[3867,3868,3869,3870,3871,3872,3546,3701],"class_list":{"0":"post-18954","1":"product","2":"type-product","3":"status-publish","4":"has-post-thumbnail","6":"product_brand-ninja","7":"product_cat-pieces-et-outils","8":"product_cat-roulements","9":"product_cat-roulements-et-outils","10":"product_tag-608-a-688","11":"product_tag-adaptateurs-608-a-688","12":"product_tag-adaptateurs-de-paliers-608-a-688","13":"product_tag-adaptateurs-de-roulements-en-ligne","14":"product_tag-adaptateurs-en-fibre-de-carbone","15":"product_tag-adaptateurs-ninja-minimizer","16":"product_tag-equipement-de-patinage-de-vitesse-en-ligne","17":"product_tag-pieces-en-ligne","18":"desktop-align-left","19":"tablet-align-left","20":"mobile-align-left","22":"first","23":"instock","24":"taxable","25":"shipping-taxable","26":"purchasable","27":"product-type-simple"},"acf":[],"_links":{"self":[{"href":"https:\/\/ztsports.com\/fr\/wp-json\/wp\/v2\/product\/18954","targetHints":{"allow":["GET"]}}],"collection":[{"href":"https:\/\/ztsports.com\/fr\/wp-json\/wp\/v2\/product"}],"about":[{"href":"https:\/\/ztsports.com\/fr\/wp-json\/wp\/v2\/types\/product"}],"replies":[{"embeddable":true,"href":"https:\/\/ztsports.com\/fr\/wp-json\/wp\/v2\/comments?post=18954"}],"version-history":[{"count":1,"href":"https:\/\/ztsports.com\/fr\/wp-json\/wp\/v2\/product\/18954\/revisions"}],"predecessor-version":[{"id":18955,"href":"https:\/\/ztsports.com\/fr\/wp-json\/wp\/v2\/product\/18954\/revisions\/18955"}],"wp:featuredmedia":[{"embeddable":true,"href":"https:\/\/ztsports.com\/fr\/wp-json\/wp\/v2\/media\/18956"}],"wp:attachment":[{"href":"https:\/\/ztsports.com\/fr\/wp-json\/wp\/v2\/media?parent=18954"}],"wp:term":[{"taxonomy":"product_brand","embeddable":true,"href":"https:\/\/ztsports.com\/fr\/wp-json\/wp\/v2\/product_brand?post=18954"},{"taxonomy":"product_cat","embeddable":true,"href":"https:\/\/ztsports.com\/fr\/wp-json\/wp\/v2\/product_cat?post=18954"},{"taxonomy":"product_tag","embeddable":true,"href":"https:\/\/ztsports.com\/fr\/wp-json\/wp\/v2\/product_tag?post=18954"}],"curies":[{"name":"wp","href":"https:\/\/api.w.org\/{rel}","templated":true}]}}