{"id":18952,"date":"2021-09-23T03:08:07","date_gmt":"2021-09-23T03:08:07","guid":{"rendered":"https:\/\/ztsports.com\/?post_type=product&#038;p=18952"},"modified":"2026-02-02T19:29:55","modified_gmt":"2026-02-02T19:29:55","slug":"bont-luna-2pf-6061-inline-package","status":"publish","type":"product","link":"https:\/\/ztsports.com\/fr\/store\/bont-luna-2pf-6061-inline-package\/","title":{"rendered":"BONT LUNA 2PF 6061 INLINE PACKAGE"},"content":{"rendered":"<h1>BONT LUNA &#8211; 2PF 6061 PACKAGE<\/h1>\n<p>Le Bont Luna 2PF 6061 inline PACKAGE est le seul patin de vitesse d&#8217;entr\u00e9e de gamme sur le march\u00e9 \u00e0 \u00eatre fabriqu\u00e9 en une seule pi\u00e8ce, une technique de fabrication que l&#8217;on retrouve \u00e9galement sur des bottes sur mesure co\u00fbtant plus de 1000$. La Luna se distingue par son look \u00e9l\u00e9gant et rapide gr\u00e2ce \u00e0 une bo\u00eete \u00e0 orteils basse et un rembourrage fin qui donnent \u00e0 cette chaussure une allure rapide et une sensation de r\u00e9activit\u00e9.<\/p>\n<h4><strong>Non seulement rapide, mais aussi \u00e9l\u00e9gant et con\u00e7u pour gagner !<\/strong><\/h4>\n<p>La botte Luna est construite autour d&#8217;une forme qui a \u00e9t\u00e9 modifi\u00e9e et am\u00e9lior\u00e9e pendant plus de 40 ans par M. Inze Bont. En outre, la fibre de carbone et la fibre de verre sont pos\u00e9es \u00e0 la main autour de la mousse \u00e0 m\u00e9moire de forme, ce qui permet d&#8217;obtenir une base tr\u00e8s l\u00e9g\u00e8re et tr\u00e8s solide. La r\u00e9sine \u00e9poxy est la plus thermoformable de l&#8217;industrie. La botte Luna est munie de bandes anti-\u00e9tirement qui garantissent que la botte ne s&#8217;\u00e9tire pas avec le temps. Amenez votre patinage de vitesse au niveau sup\u00ef\u00bf\u00bdrieur avec le patin de course en ligne Bont Luna.<\/p>\n<p>Caract\u00e9ristiques:Base : Composite de carbone<br \/>\nRev\u00eatement ext\u00e9rieur : Microfibre<br \/>\nDoublure : Daim L<br \/>\nPas: 12 mm<br \/>\nBouches d&#8217;a\u00ef\u00bf\u00bdration: langue<br \/>\nSemelle int\u00ef\u00bf\u00bdrieure: EVA thermo-moulable<br \/>\nThermoformable : Base enti\u00e8rement thermoformable utilisant une r\u00e9sine \u00e9poxy thermodurcissable.<br \/>\nRembourrage : Mousse \u00e0 m\u00e9moire de forme<br \/>\nsouple Taille: Enfants 11\/29 &#8211; adulte 10,5 \/ 45<br \/>\nRemarque: les enfants du 29\/11 au 2,5 \/ 34,5 ne sont pas livr\u00ef\u00bf\u00bds avec la sangle avant<\/p>\n<p>TAILLE DE BOTTE 29-35:<\/p>\n<p>MONTAGE: 165mm<\/p>\n<p>CADRE: 2PF 11,25 &#8221;<\/p>\n<p>ROUES: 4X 90mm Elemental<\/p>\n<p>TAILLE DES BOTTES 35,5-45:<\/p>\n<p>MONTAGE: 195mm<\/p>\n<p>FRAME : 2PF 11.25,12,12.6,13.2<\/p>\n<p>CADRE: 2PF 11.25,12,12.6,13.2 ROUES: 4X90mm, 4x100mm, 4x110mm Elemental<\/p>\n<p>Revue de la <a href=\"https:\/\/www.youtube.com\/watch?v=3GrNYwnFhoA&amp;t=4s\" target=\"_blank\" rel=\"noopener\"><strong>Bont Luna<\/strong><\/a>.<\/p>\n<p>Consultez tous les <a href=\"https:\/\/ztsports.com\/product-category\/inline-speed-skating\/packages2\/\"><strong>Packages Inline ici<\/strong><\/a>.<\/p>\n","protected":false},"excerpt":{"rendered":"<p>BONT LUNA &#8211; 2PF 6061 PACKAGE Le Bont Luna 2PF 6061 inline PACKAGE est le seul patin de vitesse d&#8217;entr\u00e9e de gamme sur le march\u00e9 \u00e0 \u00eatre fabriqu\u00e9 en une seule pi\u00e8ce, une technique de fabrication que l&#8217;on retrouve \u00e9galement sur des bottes sur mesure co\u00fbtant plus de 1000$. La Luna se distingue par son [&hellip;]<\/p>\n","protected":false},"featured_media":18210,"comment_status":"open","ping_status":"closed","template":"","meta":{"_acf_changed":false,"_monsterinsights_skip_tracking":false,"_monsterinsights_sitenote_active":false,"_monsterinsights_sitenote_note":"","_monsterinsights_sitenote_category":0,"_uf_show_specific_survey":0,"_uf_disable_surveys":false,"site-sidebar-layout":"default","site-content-layout":"","ast-site-content-layout":"default","site-content-style":"default","site-sidebar-style":"default","ast-global-header-display":"","ast-banner-title-visibility":"","ast-main-header-display":"","ast-hfb-above-header-display":"","ast-hfb-below-header-display":"","ast-hfb-mobile-header-display":"","site-post-title":"","ast-breadcrumbs-content":"","ast-featured-img":"","footer-sml-layout":"","ast-disable-related-posts":"","theme-transparent-header-meta":"default","adv-header-id-meta":"","stick-header-meta":"","header-above-stick-meta":"","header-main-stick-meta":"","header-below-stick-meta":"","astra-migrate-meta-layouts":"set","ast-page-background-enabled":"default","ast-page-background-meta":{"desktop":{"background-color":"","background-image":"","background-repeat":"repeat","background-position":"center center","background-size":"auto","background-attachment":"scroll","background-type":"","background-media":"","overlay-type":"","overlay-color":"","overlay-opacity":"","overlay-gradient":""},"tablet":{"background-color":"","background-image":"","background-repeat":"repeat","background-position":"center center","background-size":"auto","background-attachment":"scroll","background-type":"","background-media":"","overlay-type":"","overlay-color":"","overlay-opacity":"","overlay-gradient":""},"mobile":{"background-color":"","background-image":"","background-repeat":"repeat","background-position":"center center","background-size":"auto","background-attachment":"scroll","background-type":"","background-media":"","overlay-type":"","overlay-color":"","overlay-opacity":"","overlay-gradient":""}},"ast-content-background-meta":{"desktop":{"background-color":"var(--ast-global-color-5)","background-image":"","background-repeat":"repeat","background-position":"center center","background-size":"auto","background-attachment":"scroll","background-type":"","background-media":"","overlay-type":"","overlay-color":"","overlay-opacity":"","overlay-gradient":""},"tablet":{"background-color":"var(--ast-global-color-5)","background-image":"","background-repeat":"repeat","background-position":"center center","background-size":"auto","background-attachment":"scroll","background-type":"","background-media":"","overlay-type":"","overlay-color":"","overlay-opacity":"","overlay-gradient":""},"mobile":{"background-color":"var(--ast-global-color-5)","background-image":"","background-repeat":"repeat","background-position":"center center","background-size":"auto","background-attachment":"scroll","background-type":"","background-media":"","overlay-type":"","overlay-color":"","overlay-opacity":"","overlay-gradient":""}}},"product_brand":[3285],"product_cat":[3425,3426,3381],"product_tag":[2562,2563,3385,3427,2564,3428],"class_list":{"0":"post-18952","1":"product","2":"type-product","3":"status-publish","4":"has-post-thumbnail","6":"product_brand-bont","7":"product_cat-bottes","8":"product_cat-packages","9":"product_cat-patinage-de-vitesse-en-ligne","10":"product_tag-2pf-6061","11":"product_tag-bont-luna","12":"product_tag-en-ligne","13":"product_tag-equipement-de-patinage-de-vitesse","14":"product_tag-luna","15":"product_tag-paquet-en-ligne","16":"desktop-align-left","17":"tablet-align-left","18":"mobile-align-left","20":"first","21":"instock","22":"taxable","23":"shipping-taxable","24":"purchasable","25":"product-type-simple"},"acf":[],"_links":{"self":[{"href":"https:\/\/ztsports.com\/fr\/wp-json\/wp\/v2\/product\/18952","targetHints":{"allow":["GET"]}}],"collection":[{"href":"https:\/\/ztsports.com\/fr\/wp-json\/wp\/v2\/product"}],"about":[{"href":"https:\/\/ztsports.com\/fr\/wp-json\/wp\/v2\/types\/product"}],"replies":[{"embeddable":true,"href":"https:\/\/ztsports.com\/fr\/wp-json\/wp\/v2\/comments?post=18952"}],"version-history":[{"count":1,"href":"https:\/\/ztsports.com\/fr\/wp-json\/wp\/v2\/product\/18952\/revisions"}],"predecessor-version":[{"id":18953,"href":"https:\/\/ztsports.com\/fr\/wp-json\/wp\/v2\/product\/18952\/revisions\/18953"}],"wp:featuredmedia":[{"embeddable":true,"href":"https:\/\/ztsports.com\/fr\/wp-json\/wp\/v2\/media\/18210"}],"wp:attachment":[{"href":"https:\/\/ztsports.com\/fr\/wp-json\/wp\/v2\/media?parent=18952"}],"wp:term":[{"taxonomy":"product_brand","embeddable":true,"href":"https:\/\/ztsports.com\/fr\/wp-json\/wp\/v2\/product_brand?post=18952"},{"taxonomy":"product_cat","embeddable":true,"href":"https:\/\/ztsports.com\/fr\/wp-json\/wp\/v2\/product_cat?post=18952"},{"taxonomy":"product_tag","embeddable":true,"href":"https:\/\/ztsports.com\/fr\/wp-json\/wp\/v2\/product_tag?post=18952"}],"curies":[{"name":"wp","href":"https:\/\/api.w.org\/{rel}","templated":true}]}}