{"id":18950,"date":"2021-09-23T03:08:07","date_gmt":"2021-09-23T03:08:07","guid":{"rendered":"https:\/\/ztsports.com\/?post_type=product&#038;p=18950"},"modified":"2026-02-02T19:29:43","modified_gmt":"2026-02-02T19:29:43","slug":"bont-elemental-wheels","status":"publish","type":"product","link":"https:\/\/ztsports.com\/fr\/store\/bont-elemental-wheels\/","title":{"rendered":"Roue de patin \u00e0 roues align\u00e9es BONT ELEMENTAL"},"content":{"rendered":"<h1 class=\"product_title entry-title\">Roue de patin \u00e0 roues align\u00e9es BONT ELEMENTAL<\/h1>\n<h1 class=\"product_title entry-title\">Disponible en 90mm 100mm 110mm 125mm<\/h1>\n<p class=\"price\"><span class=\"woocommerce-Price-amount amount\"><bdi>$<span class=\"woocommerce-Price-currencySymbol\">16<\/span>.00<\/bdi><\/span> &#8211; <span class=\"woocommerce-Price-amount amount\"><bdi>$<span class=\"woocommerce-Price-currencySymbol\">20<\/span>.00<\/bdi><\/span><\/p>\n<div class=\"woocommerce-product-details__short-description\">\n<p>Le volant de course de patinage de vitesse en ligne Bont Elemental est notre roue de milieu de gamme. Il offre un meilleur roulement, rebond et adh\u00ef\u00bf\u00bdrence que notre gamme de roues G14-G16.<\/p>\n<\/div>\n<p>ROUES BONT ELEMENTAL<br \/>\nLa roue de course Bont Elemental pour le patinage de vitesse en ligne est notre roue de milieu de gamme. Il offre un meilleur roulement, rebond et adh\u00ef\u00bf\u00bdrence que notre gamme de roues G14-G16.<\/p>\n<ul>\n<li><strong>Application<\/strong>: Roue universelle convenant \u00e0 toutes les surfaces<\/li>\n<li><strong>Diam\u00e8tre :<\/strong> 90mm, 100mm, 110mm, 125mm<\/li>\n<li><strong>Duret\u00e9 :<\/strong> 85A<\/li>\n<li><strong>Taille du palier :<\/strong> 608<\/li>\n<\/ul>\n<p>Le volant de course Bont Elemental Inline est disponible dans les diam\u00e8tres 90mm, 100mm et 110mm. C&#8217;est une roue parfaite pour tous les types d&#8217;entra\u00eenement et de course. Il peut \u00eatre utilis\u00e9 \u00e0 l&#8217;int\u00e9rieur et \u00e0 l&#8217;ext\u00e9rieur.<\/p>\n<p>Si vous cherchez \u00e0 acheter un volant de course qui en a pour votre argent, c&#8217;est celui qu&#8217;il vous faut. La duret\u00e9 des roues est de 85A, ce qui est bon pour les surfaces lisses \u00e0 moyennes. Il peut \u00e9galement \u00eatre utilis\u00e9 sur la piste en pente.<\/p>\n<p>Il s&#8217;agit d&#8217;une excellente roue \u00e0 un prix exceptionnel. Un excellent rapport qualit\u00e9-prix.<\/p>\n<p>Le moyeu ou le noyau de la roue est en plastique renforc\u00e9 de nylon. Il absorbe bien les chocs. L&#8217;ur\u00e9thane poss\u00e8de de bonnes propri\u00e9t\u00e9s de rebond, d&#8217;usure et de roulement. Tout ce dont une bonne roue de roller a besoin.<\/p>\n<p>La chimie de cette roue en ligne a \u00e9t\u00e9 con\u00e7ue par Bont Skates \u00e0 Sydney, en Australie. Bont a plus de 45 ans d&#8217;exp\u00e9rience dans le d\u00e9veloppement de patins de vitesse.<\/p>\n<p><strong><span lang=\"EN-US\">*Price is per wheel. <\/span><\/strong><\/p>\n<p>Application : Roue polyvalente convenant \u00e0 toutes les surfaces<br \/>\nDiam\u00e8tre : 100mm, 110mm, 125mm<br \/>\nDuret\u00e9 : 85A<br \/>\nTaille des roulements : 608<\/p>\n<p>Enfin, vous pouvez voir toutes nos roues <a href=\"https:\/\/ztsports.com\/categorie-produit\/patinage-de-vitesse-en-ligne\/roues\/?lang=fr\"><strong>roues en ligne ici.<\/strong><\/a><\/p>\n<p>Enfin, vous pouvez voir toutes nos roues <a href=\"https:\/\/ztsports.com\/categorie-produit\/patinage-de-vitesse-en-ligne\/roues\/?lang=fr\"><strong>roues en ligne ici.<\/strong><\/a><\/p>\n","protected":false},"excerpt":{"rendered":"<p>Roue de patin \u00e0 roues align\u00e9es BONT ELEMENTAL Disponible en 90mm 100mm 110mm 125mm $16.00 &#8211; $20.00 Le volant de course de patinage de vitesse en ligne Bont Elemental est notre roue de milieu de gamme. Il offre un meilleur roulement, rebond et adh\u00ef\u00bf\u00bdrence que notre gamme de roues G14-G16. ROUES BONT ELEMENTAL La roue [&hellip;]<\/p>\n","protected":false},"featured_media":18203,"comment_status":"open","ping_status":"closed","template":"","meta":{"_acf_changed":false,"_monsterinsights_skip_tracking":false,"_monsterinsights_sitenote_active":false,"_monsterinsights_sitenote_note":"","_monsterinsights_sitenote_category":0,"_uf_show_specific_survey":0,"_uf_disable_surveys":false,"site-sidebar-layout":"default","site-content-layout":"","ast-site-content-layout":"default","site-content-style":"default","site-sidebar-style":"default","ast-global-header-display":"","ast-banner-title-visibility":"","ast-main-header-display":"","ast-hfb-above-header-display":"","ast-hfb-below-header-display":"","ast-hfb-mobile-header-display":"","site-post-title":"","ast-breadcrumbs-content":"","ast-featured-img":"","footer-sml-layout":"","ast-disable-related-posts":"","theme-transparent-header-meta":"default","adv-header-id-meta":"","stick-header-meta":"","header-above-stick-meta":"","header-main-stick-meta":"","header-below-stick-meta":"","astra-migrate-meta-layouts":"set","ast-page-background-enabled":"default","ast-page-background-meta":{"desktop":{"background-color":"","background-image":"","background-repeat":"repeat","background-position":"center center","background-size":"auto","background-attachment":"scroll","background-type":"","background-media":"","overlay-type":"","overlay-color":"","overlay-opacity":"","overlay-gradient":""},"tablet":{"background-color":"","background-image":"","background-repeat":"repeat","background-position":"center center","background-size":"auto","background-attachment":"scroll","background-type":"","background-media":"","overlay-type":"","overlay-color":"","overlay-opacity":"","overlay-gradient":""},"mobile":{"background-color":"","background-image":"","background-repeat":"repeat","background-position":"center center","background-size":"auto","background-attachment":"scroll","background-type":"","background-media":"","overlay-type":"","overlay-color":"","overlay-opacity":"","overlay-gradient":""}},"ast-content-background-meta":{"desktop":{"background-color":"var(--ast-global-color-5)","background-image":"","background-repeat":"repeat","background-position":"center center","background-size":"auto","background-attachment":"scroll","background-type":"","background-media":"","overlay-type":"","overlay-color":"","overlay-opacity":"","overlay-gradient":""},"tablet":{"background-color":"var(--ast-global-color-5)","background-image":"","background-repeat":"repeat","background-position":"center center","background-size":"auto","background-attachment":"scroll","background-type":"","background-media":"","overlay-type":"","overlay-color":"","overlay-opacity":"","overlay-gradient":""},"mobile":{"background-color":"var(--ast-global-color-5)","background-image":"","background-repeat":"repeat","background-position":"center center","background-size":"auto","background-attachment":"scroll","background-type":"","background-media":"","overlay-type":"","overlay-color":"","overlay-opacity":"","overlay-gradient":""}}},"product_brand":[3285],"product_cat":[3402,3381,3382],"product_tag":[2565,2566,2567,2568,2569,3423,3424],"class_list":{"0":"post-18950","1":"product","2":"type-product","3":"status-publish","4":"has-post-thumbnail","6":"product_brand-bont","7":"product_cat-en-ligne","8":"product_cat-patinage-de-vitesse-en-ligne","9":"product_cat-roues","10":"product_tag-100mm","11":"product_tag-110mm","12":"product_tag-125mm","13":"product_tag-90mm","14":"product_tag-bont-elemental","15":"product_tag-roue-de-patin-a-roues-alignees","16":"product_tag-roue-de-patin-a-roues-alignees-bont-elemental","17":"desktop-align-left","18":"tablet-align-left","19":"mobile-align-left","21":"first","22":"instock","23":"taxable","24":"shipping-taxable","25":"purchasable","26":"product-type-simple"},"acf":[],"_links":{"self":[{"href":"https:\/\/ztsports.com\/fr\/wp-json\/wp\/v2\/product\/18950","targetHints":{"allow":["GET"]}}],"collection":[{"href":"https:\/\/ztsports.com\/fr\/wp-json\/wp\/v2\/product"}],"about":[{"href":"https:\/\/ztsports.com\/fr\/wp-json\/wp\/v2\/types\/product"}],"replies":[{"embeddable":true,"href":"https:\/\/ztsports.com\/fr\/wp-json\/wp\/v2\/comments?post=18950"}],"version-history":[{"count":1,"href":"https:\/\/ztsports.com\/fr\/wp-json\/wp\/v2\/product\/18950\/revisions"}],"predecessor-version":[{"id":18951,"href":"https:\/\/ztsports.com\/fr\/wp-json\/wp\/v2\/product\/18950\/revisions\/18951"}],"wp:featuredmedia":[{"embeddable":true,"href":"https:\/\/ztsports.com\/fr\/wp-json\/wp\/v2\/media\/18203"}],"wp:attachment":[{"href":"https:\/\/ztsports.com\/fr\/wp-json\/wp\/v2\/media?parent=18950"}],"wp:term":[{"taxonomy":"product_brand","embeddable":true,"href":"https:\/\/ztsports.com\/fr\/wp-json\/wp\/v2\/product_brand?post=18950"},{"taxonomy":"product_cat","embeddable":true,"href":"https:\/\/ztsports.com\/fr\/wp-json\/wp\/v2\/product_cat?post=18950"},{"taxonomy":"product_tag","embeddable":true,"href":"https:\/\/ztsports.com\/fr\/wp-json\/wp\/v2\/product_tag?post=18950"}],"curies":[{"name":"wp","href":"https:\/\/api.w.org\/{rel}","templated":true}]}}