{"id":18948,"date":"2021-09-23T03:08:08","date_gmt":"2021-09-23T03:08:08","guid":{"rendered":"https:\/\/ztsports.com\/?post_type=product&#038;p=18948"},"modified":"2026-02-02T19:29:30","modified_gmt":"2026-02-02T19:29:30","slug":"ezeefit-full-bootie-black","status":"publish","type":"product","link":"https:\/\/ztsports.com\/fr\/store\/ezeefit-full-bootie-black\/","title":{"rendered":"Ezeefit full bootie black no Blisters"},"content":{"rendered":"<h1>Ezeefit full bootie black<\/h1>\n<p>Ezeefit full bootie black aide \u00e0 stopper les ampoules. Aide les ampoules Tout comme le bottillon ultramince, mais plus grand et avec une couverture compl\u00e8te du pied. Disponible dans notre Lycra\u00ae personnalis\u00e9 ultramince exclusif avec m\u00e9moire centrale en noir avec int\u00e9rieur rouge.<\/p>\n<p>Le tissu ultramince est similaire au n\u00e9opr\u00e8nene mais super fin et souple, ne perd jamais sa forme et s\u00e8che rapidement. De plus, les coutures Flat-lock permettent de maintenir les coutures souples et confortables.<\/p>\n<p>Id\u00e9a pour les sports nautiques, les sports d&#8217;hiver et le temps froid \/ humide.<\/p>\n<p>Petit pour femmes 6-8 hommes 5-7<\/p>\n<p>La taille moyenne convient aux femmes 9-10 aux hommes 8-9<\/p>\n<p>Large convient aux femmes 11-12 hommes 10-11<\/p>\n<p>X-Large convient aux hommes de 12 \u00e0 14<\/p>\n<p>Remarque: leurs propri\u00e9t\u00e9s isolantes uniques peuvent \u00eatre trop chaudes pour certains sports.<\/p>\n<p>&#8211; Parfait pour le temps froid et les sports nautiques<\/p>\n<p>-Cr\u00e9e une barri\u00e8re de friction<\/p>\n<p>&#8211; Isole par temps froid<\/p>\n<p>&#8211; Plus confortable que les chaussettes traditionnelles<\/p>\n<p>&#8211; Fonctionne humide ou sec<\/p>\n<p>\u2013 Sold in pairs<\/p>\n<p>Aide les ampoules Tout comme le bottillon ultramince, mais plus grand et avec une couverture compl\u00e8te du pied. En outre, ils sont disponibles dans notre version exclusive Ultrathin custom Lycra\u00ae avec noyau \u00e0 m\u00e9moire de forme, en noir avec int\u00e9rieur rouge.<\/p>\n<p><a href=\"https:\/\/www.youtube.com\/watch?v=KKG3a-MNzrQ&amp;t=3s\" target=\"_blank\" rel=\"noopener\"><br \/>\n  <strong>Comment enfiler<\/strong><br \/>\n<\/a>et d\u00e9terminer un ajustement parfait avec les bottillons Ezeefit<\/p>\n<p>Enfin, consultez tous les produits <a href=\"https:\/\/ztsports.com\/brand\/ezeefit\/\"><br \/>\n  <strong>produits Ezeefit<\/strong><br \/>\n<\/a>ici.<\/p>\n","protected":false},"excerpt":{"rendered":"<p>Ezeefit full bootie black Ezeefit full bootie black aide \u00e0 stopper les ampoules. Aide les ampoules Tout comme le bottillon ultramince, mais plus grand et avec une couverture compl\u00e8te du pied. Disponible dans notre Lycra\u00ae personnalis\u00e9 ultramince exclusif avec m\u00e9moire centrale en noir avec int\u00e9rieur rouge. Le tissu ultramince est similaire au n\u00e9opr\u00e8nene mais super [&hellip;]<\/p>\n","protected":false},"featured_media":18197,"comment_status":"open","ping_status":"closed","template":"","meta":{"_acf_changed":false,"_monsterinsights_skip_tracking":false,"_monsterinsights_sitenote_active":false,"_monsterinsights_sitenote_note":"","_monsterinsights_sitenote_category":0,"_uf_show_specific_survey":0,"_uf_disable_surveys":false,"site-sidebar-layout":"default","site-content-layout":"","ast-site-content-layout":"default","site-content-style":"default","site-sidebar-style":"default","ast-global-header-display":"","ast-banner-title-visibility":"","ast-main-header-display":"","ast-hfb-above-header-display":"","ast-hfb-below-header-display":"","ast-hfb-mobile-header-display":"","site-post-title":"","ast-breadcrumbs-content":"","ast-featured-img":"","footer-sml-layout":"","ast-disable-related-posts":"","theme-transparent-header-meta":"default","adv-header-id-meta":"","stick-header-meta":"","header-above-stick-meta":"","header-main-stick-meta":"","header-below-stick-meta":"","astra-migrate-meta-layouts":"set","ast-page-background-enabled":"default","ast-page-background-meta":{"desktop":{"background-color":"","background-image":"","background-repeat":"repeat","background-position":"center center","background-size":"auto","background-attachment":"scroll","background-type":"","background-media":"","overlay-type":"","overlay-color":"","overlay-opacity":"","overlay-gradient":""},"tablet":{"background-color":"","background-image":"","background-repeat":"repeat","background-position":"center center","background-size":"auto","background-attachment":"scroll","background-type":"","background-media":"","overlay-type":"","overlay-color":"","overlay-opacity":"","overlay-gradient":""},"mobile":{"background-color":"","background-image":"","background-repeat":"repeat","background-position":"center center","background-size":"auto","background-attachment":"scroll","background-type":"","background-media":"","overlay-type":"","overlay-color":"","overlay-opacity":"","overlay-gradient":""}},"ast-content-background-meta":{"desktop":{"background-color":"var(--ast-global-color-5)","background-image":"","background-repeat":"repeat","background-position":"center center","background-size":"auto","background-attachment":"scroll","background-type":"","background-media":"","overlay-type":"","overlay-color":"","overlay-opacity":"","overlay-gradient":""},"tablet":{"background-color":"var(--ast-global-color-5)","background-image":"","background-repeat":"repeat","background-position":"center center","background-size":"auto","background-attachment":"scroll","background-type":"","background-media":"","overlay-type":"","overlay-color":"","overlay-opacity":"","overlay-gradient":""},"mobile":{"background-color":"var(--ast-global-color-5)","background-image":"","background-repeat":"repeat","background-position":"center center","background-size":"auto","background-attachment":"scroll","background-type":"","background-media":"","overlay-type":"","overlay-color":"","overlay-opacity":"","overlay-gradient":""}}},"product_brand":[3298],"product_cat":[3422,3389,3417,3418,3381,3408,3419,3421,3420],"product_tag":[1865,2573,2574,2575],"class_list":{"0":"post-18948","1":"product","2":"type-product","3":"status-publish","4":"has-post-thumbnail","6":"product_brand-ezeefit","7":"product_cat-accessoires","8":"product_cat-accessoires-longue-piste","9":"product_cat-chaussettes","10":"product_cat-couvre-bottes","11":"product_cat-patinage-de-vitesse-en-ligne","12":"product_cat-patins-a-roulettes","13":"product_cat-protection","14":"product_cat-protection-bebe-inferieure","15":"product_cat-protection-contre-les-ampoules","16":"product_tag-ezeefit","17":"product_tag-ezeefit-full-bootie","18":"product_tag-full-bootie","19":"product_tag-no-blisters","20":"desktop-align-left","21":"tablet-align-left","22":"mobile-align-left","24":"first","25":"instock","26":"taxable","27":"shipping-taxable","28":"purchasable","29":"product-type-simple"},"acf":[],"_links":{"self":[{"href":"https:\/\/ztsports.com\/fr\/wp-json\/wp\/v2\/product\/18948","targetHints":{"allow":["GET"]}}],"collection":[{"href":"https:\/\/ztsports.com\/fr\/wp-json\/wp\/v2\/product"}],"about":[{"href":"https:\/\/ztsports.com\/fr\/wp-json\/wp\/v2\/types\/product"}],"replies":[{"embeddable":true,"href":"https:\/\/ztsports.com\/fr\/wp-json\/wp\/v2\/comments?post=18948"}],"version-history":[{"count":1,"href":"https:\/\/ztsports.com\/fr\/wp-json\/wp\/v2\/product\/18948\/revisions"}],"predecessor-version":[{"id":18949,"href":"https:\/\/ztsports.com\/fr\/wp-json\/wp\/v2\/product\/18948\/revisions\/18949"}],"wp:featuredmedia":[{"embeddable":true,"href":"https:\/\/ztsports.com\/fr\/wp-json\/wp\/v2\/media\/18197"}],"wp:attachment":[{"href":"https:\/\/ztsports.com\/fr\/wp-json\/wp\/v2\/media?parent=18948"}],"wp:term":[{"taxonomy":"product_brand","embeddable":true,"href":"https:\/\/ztsports.com\/fr\/wp-json\/wp\/v2\/product_brand?post=18948"},{"taxonomy":"product_cat","embeddable":true,"href":"https:\/\/ztsports.com\/fr\/wp-json\/wp\/v2\/product_cat?post=18948"},{"taxonomy":"product_tag","embeddable":true,"href":"https:\/\/ztsports.com\/fr\/wp-json\/wp\/v2\/product_tag?post=18948"}],"curies":[{"name":"wp","href":"https:\/\/api.w.org\/{rel}","templated":true}]}}