{"id":18946,"date":"2021-09-23T03:09:16","date_gmt":"2021-09-23T03:09:16","guid":{"rendered":"https:\/\/ztsports.com\/?post_type=product&#038;p=18946"},"modified":"2026-02-02T19:29:05","modified_gmt":"2026-02-02T19:29:05","slug":"bionic-abec-7-8mm-roulements-de-skate","status":"publish","type":"product","link":"https:\/\/ztsports.com\/fr\/store\/bionic-abec-7-8mm-roulements-de-skate\/","title":{"rendered":"Bionic ABEC 7 8mm skate bearings"},"content":{"rendered":"<h1>Bionic ABEC 7 8mm skate bearings<\/h1>\n<p>Les roulements de patin Bionic ABEC 7 8mm de Bionic sont lubrifi\u00e9s avec de l&#8217;huile de vitesse et ne n\u00e9cessitent aucune p\u00e9riode de rodage. De plus, leur cage en Delrin a \u00e9t\u00e9 renforc\u00e9e.<\/p>\n<h3>Bionic ABEC 7<\/h3>\n<p>Que vous soyez un d\u00e9butant ou un patineur chevronn\u00e9, trouvez les <em>roulements<\/em> parfaits pour am\u00e9liorer votre conduite. Achetez maintenant et assurez-vous d&#8217;une aventure de patinage plus douce et plus rapide ! Inline avec les roulements Bionic ABEC 7. (En outre, ils sont vendus par paquet de 16)<\/p>\n<div data-hveid=\"CA0QAQ\" data-ved=\"2ahUKEwiI7ZbL2MiHAxUdmokEHXDjDAoQj7gIegQIDRAB\">\n<div class=\"dnXCYb\" tabindex=\"0\" role=\"button\" aria-controls=\"_aq2lZoiQPJ20ptQP8MazUA_31\" aria-expanded=\"true\">\n<h3 class=\"JlqpRe\"><span class=\"JCzEY tNxQIb\"><span class=\"CSkcDe\">Que signifie ABEC 7 ?<\/span><\/span><\/h3>\n<\/div>\n<\/div>\n<div id=\"_aq2lZoiQPJ20ptQP8MazUA_31\" class=\"bCOlv\" data-ved=\"2ahUKEwiI7ZbL2MiHAxUdmokEHXDjDAoQ7NUEegQIDRAE\">\n<div class=\"IZE3Td\">\n<div class=\"r2fjmd t0bRye\" data-hveid=\"CA0QBQ\" data-ved=\"2ahUKEwiI7ZbL2MiHAxUdmokEHXDjDAoQu04oAHoECA0QBQ\">\n<div id=\"aq2lZoiQPJ20ptQP8MazUA__18\">\n<div class=\"wDYxhc\" data-md=\"61\">\n<div class=\"LGOjhe\" role=\"heading\" data-attrid=\"wa:\/description\" aria-level=\"3\" data-hveid=\"CGoQAA\"><span class=\"ILfuVd\" lang=\"en\"><span class=\"hgKElc\">L&#8217;ABEC comprend cinq classes de tol\u00e9rances : 1, 3, 5, 7 et 9, la classe 1 \u00e9tant la plus large et la classe 9 la plus serr\u00e9e. Ainsi, les roulements ayant un indice ABEC plus \u00e9lev\u00e9 ont des tol\u00e9rances plus serr\u00e9es, ce qui signifie une <b>meilleure pr\u00e9cision, un rendement plus \u00e9lev\u00e9 et la possibilit\u00e9 de s&#8217;adapter \u00e0 des applications exigeant des vitesses \u00e9lev\u00e9es<\/b>. <\/span><\/span><\/div>\n<\/div>\n<\/div>\n<\/div>\n<\/div>\n<\/div>\n<h3 class=\"entry-title\">Quelle est la diff\u00e9rence entre <a href=\"https:\/\/learnanydifference.com\/difference-between-abec-5-and-abec-7-with-table\/\" target=\"_blank\" rel=\"noopener\">ABEC 5 et ABEC 7 ?<\/a><\/h3>\n<p>Enfin, vous pouvez trouver et comparer tous nos <a href=\"https:\/\/ztsports.com\/product-category\/inline-speed-skating\/bearings\/\"><strong>roulements ici<\/strong><\/a>.<\/p>\n","protected":false},"excerpt":{"rendered":"<p>Bionic ABEC 7 8mm skate bearings Les roulements de patin Bionic ABEC 7 8mm de Bionic sont lubrifi\u00e9s avec de l&#8217;huile de vitesse et ne n\u00e9cessitent aucune p\u00e9riode de rodage. De plus, leur cage en Delrin a \u00e9t\u00e9 renforc\u00e9e. Bionic ABEC 7 Que vous soyez un d\u00e9butant ou un patineur chevronn\u00e9, trouvez les roulements parfaits [&hellip;]<\/p>\n","protected":false},"featured_media":18194,"comment_status":"open","ping_status":"closed","template":"","meta":{"_acf_changed":false,"_monsterinsights_skip_tracking":false,"_monsterinsights_sitenote_active":false,"_monsterinsights_sitenote_note":"","_monsterinsights_sitenote_category":0,"_uf_show_specific_survey":0,"_uf_disable_surveys":false,"site-sidebar-layout":"default","site-content-layout":"","ast-site-content-layout":"default","site-content-style":"default","site-sidebar-style":"default","ast-global-header-display":"","ast-banner-title-visibility":"","ast-main-header-display":"","ast-hfb-above-header-display":"","ast-hfb-below-header-display":"","ast-hfb-mobile-header-display":"","site-post-title":"","ast-breadcrumbs-content":"","ast-featured-img":"","footer-sml-layout":"","ast-disable-related-posts":"","theme-transparent-header-meta":"default","adv-header-id-meta":"","stick-header-meta":"","header-above-stick-meta":"","header-main-stick-meta":"","header-below-stick-meta":"","astra-migrate-meta-layouts":"set","ast-page-background-enabled":"default","ast-page-background-meta":{"desktop":{"background-color":"","background-image":"","background-repeat":"repeat","background-position":"center center","background-size":"auto","background-attachment":"scroll","background-type":"","background-media":"","overlay-type":"","overlay-color":"","overlay-opacity":"","overlay-gradient":""},"tablet":{"background-color":"","background-image":"","background-repeat":"repeat","background-position":"center center","background-size":"auto","background-attachment":"scroll","background-type":"","background-media":"","overlay-type":"","overlay-color":"","overlay-opacity":"","overlay-gradient":""},"mobile":{"background-color":"","background-image":"","background-repeat":"repeat","background-position":"center center","background-size":"auto","background-attachment":"scroll","background-type":"","background-media":"","overlay-type":"","overlay-color":"","overlay-opacity":"","overlay-gradient":""}},"ast-content-background-meta":{"desktop":{"background-color":"var(--ast-global-color-5)","background-image":"","background-repeat":"repeat","background-position":"center center","background-size":"auto","background-attachment":"scroll","background-type":"","background-media":"","overlay-type":"","overlay-color":"","overlay-opacity":"","overlay-gradient":""},"tablet":{"background-color":"var(--ast-global-color-5)","background-image":"","background-repeat":"repeat","background-position":"center center","background-size":"auto","background-attachment":"scroll","background-type":"","background-media":"","overlay-type":"","overlay-color":"","overlay-opacity":"","overlay-gradient":""},"mobile":{"background-color":"var(--ast-global-color-5)","background-image":"","background-repeat":"repeat","background-position":"center center","background-size":"auto","background-attachment":"scroll","background-type":"","background-media":"","overlay-type":"","overlay-color":"","overlay-opacity":"","overlay-gradient":""}}},"product_brand":[3280],"product_cat":[3407,3409],"product_tag":[2581,2583,3416,3410,3415],"class_list":{"0":"post-18946","1":"product","2":"type-product","3":"status-publish","4":"has-post-thumbnail","6":"product_brand-bionic","7":"product_cat-roulements","8":"product_cat-roulements-et-outils","9":"product_tag-abec-7","10":"product_tag-bionic-abec-7","11":"product_tag-bionique","12":"product_tag-palier-de-vitesse-en-ligne","13":"product_tag-palier-en-ligne","14":"desktop-align-left","15":"tablet-align-left","16":"mobile-align-left","18":"first","19":"instock","20":"sale","21":"taxable","22":"shipping-taxable","23":"purchasable","24":"product-type-simple"},"acf":[],"_links":{"self":[{"href":"https:\/\/ztsports.com\/fr\/wp-json\/wp\/v2\/product\/18946","targetHints":{"allow":["GET"]}}],"collection":[{"href":"https:\/\/ztsports.com\/fr\/wp-json\/wp\/v2\/product"}],"about":[{"href":"https:\/\/ztsports.com\/fr\/wp-json\/wp\/v2\/types\/product"}],"replies":[{"embeddable":true,"href":"https:\/\/ztsports.com\/fr\/wp-json\/wp\/v2\/comments?post=18946"}],"version-history":[{"count":1,"href":"https:\/\/ztsports.com\/fr\/wp-json\/wp\/v2\/product\/18946\/revisions"}],"predecessor-version":[{"id":18947,"href":"https:\/\/ztsports.com\/fr\/wp-json\/wp\/v2\/product\/18946\/revisions\/18947"}],"wp:featuredmedia":[{"embeddable":true,"href":"https:\/\/ztsports.com\/fr\/wp-json\/wp\/v2\/media\/18194"}],"wp:attachment":[{"href":"https:\/\/ztsports.com\/fr\/wp-json\/wp\/v2\/media?parent=18946"}],"wp:term":[{"taxonomy":"product_brand","embeddable":true,"href":"https:\/\/ztsports.com\/fr\/wp-json\/wp\/v2\/product_brand?post=18946"},{"taxonomy":"product_cat","embeddable":true,"href":"https:\/\/ztsports.com\/fr\/wp-json\/wp\/v2\/product_cat?post=18946"},{"taxonomy":"product_tag","embeddable":true,"href":"https:\/\/ztsports.com\/fr\/wp-json\/wp\/v2\/product_tag?post=18946"}],"curies":[{"name":"wp","href":"https:\/\/api.w.org\/{rel}","templated":true}]}}