{"id":18944,"date":"2021-09-23T03:09:16","date_gmt":"2021-09-23T03:09:16","guid":{"rendered":"https:\/\/ztsports.com\/?post_type=product&#038;p=18944"},"modified":"2026-02-02T19:28:54","modified_gmt":"2026-02-02T19:28:54","slug":"bionic-abec-5-bearing-8mm-2","status":"publish","type":"product","link":"https:\/\/ztsports.com\/fr\/store\/bionic-abec-5-bearing-8mm-2\/","title":{"rendered":"Bionic Abec 5 Bearing 8mm Inline and Roller"},"content":{"rendered":"<p>Le roulement Bionic Abec 5 Bearing 8mm est un roulement en douceur qui ne n\u00e9cessite pas de rupture. En outre, les roulements Bionic Abec-5 sont dot\u00e9s de bagues en acier chrom\u00e9 trait\u00e9 thermiquement, d&#8217;un bouclier unique sans contact pour une maintenance sans contrainte.<\/p>\n<p>En outre, ils pr\u00e9sentent des rainures profondes et ne n\u00e9cessitent pas de p\u00e9riode de rodage. Roulements Bionic <em>Abec 5<\/em>. Roulements de pr\u00e9cision de qualit\u00e9 \u00e0 un prix avantageux. Roulements <em>Bionic<\/em><\/p>\n<div data-hveid=\"CEIQAQ\" data-ved=\"2ahUKEwjcrtSE3siHAxU7v4kEHbQ3A5wQj7gIegQIQhAB\">\n<div class=\"dnXCYb\" tabindex=\"0\" role=\"button\" aria-controls=\"_IbOlZpyaK7v-ptQPtO-M4Ak_35\" aria-expanded=\"true\">\n<div class=\"JlqpRe\"><span class=\"JCzEY tNxQIb\"><span class=\"CSkcDe\">Qu&#8217;est-ce que l&#8217;indice ABEC 5 ?<\/span><\/span><\/div>\n<div class=\"p8Jhnd\">\n<div class=\"aj35ze\"><\/div>\n<\/div>\n<div class=\"L3Ezfd\" data-ved=\"2ahUKEwjcrtSE3siHAxU7v4kEHbQ3A5wQuk56BAhCEAI\"><\/div>\n<\/div>\n<\/div>\n<div id=\"_IbOlZpyaK7v-ptQPtO-M4Ak_35\" class=\"bCOlv\" data-ved=\"2ahUKEwjcrtSE3siHAxU7v4kEHbQ3A5wQ7NUEegQIQhAE\">\n<div class=\"IZE3Td\">\n<div class=\"r2fjmd t0bRye\" data-hveid=\"CEIQBQ\" data-ved=\"2ahUKEwjcrtSE3siHAxU7v4kEHbQ3A5wQu04oAHoECEIQBQ\">\n<div id=\"IbOlZpyaK7v-ptQPtO-M4Ak__84\">\n<div class=\"wDYxhc NFQFxe oHglmf xzPb7d\" data-md=\"32\" data-hveid=\"CFMQAA\" data-ved=\"2ahUKEwjcrtSE3siHAxU7v4kEHbQ3A5wQ4dMGKAB6BAhTEAA\">\n<div id=\"media_result_group\" class=\"H8O85d kno-mrg-si kno-mrg kno-swp\" data-hveid=\"CFMQAQ\">\n<div class=\"iKjSFe aUc9Gd\">\n<div data-count=\"1\" data-hveid=\"CFEQAA\">\n<div>\n<div data-ivep=\"true\">\n<div class=\"RYdNQb\" data-h=\"130\" data-nr=\"1\" data-ved=\"2ahUKEwjcrtSE3siHAxU7v4kEHbQ3A5wQyQ0oAHoECFEQAg\">\n<div class=\"eA0Zlc WghbWd FnEtTd ivg-i PZPZlf img-kc-m GMCzAd\" aria-hidden=\"true\" data-attrid=\"image\" data-docid=\"k9tSPays852f1M\" data-ivep=\"true\" data-lpage=\"https:\/\/www.skf.com\/us\/products\/mrc\/precision-abec-5-and-abec-7-bearings\" data-ni=\"1\" data-ref-docid=\"hKCuj0ycvcnaeM\" data-hveid=\"CFIQAA\" data-ved=\"2ahUKEwjcrtSE3siHAxU7v4kEHbQ3A5wQzkx6BAhSEAA\">\n<div>\n<div class=\"XOEbc\" tabindex=\"0\" role=\"button\">\n<div>\n<div class=\"uhHOwf BYbUcd\" data-bla=\"\"><img decoding=\"async\" src=\"https:\/\/encrypted-tbn0.gstatic.com\/images?q=tbn:ANd9GcSGTtJHZ21w-dZx4Y5DoLgWjIDe8HwNRGm0VwFt6RG30A&amp;s\" alt=\"Roulements de pr\u00e9cision ABEC 5 et ABEC 7 | SKF\" data-ilt=\"1722135344554\" \/><\/div>\n<\/div>\n<\/div>\n<div class=\"BfmEZb\"><\/div>\n<\/div>\n<\/div>\n<\/div>\n<\/div>\n<\/div>\n<\/div>\n<\/div>\n<\/div>\n<\/div>\n<\/div>\n<div id=\"IbOlZpyaK7v-ptQPtO-M4Ak__87\">\n<div class=\"wDYxhc\" data-md=\"61\">\n<div class=\"LGOjhe\" role=\"heading\" data-attrid=\"wa:\/description\" aria-level=\"3\" data-hveid=\"CEsQAA\"><span class=\"BxUVEf ILfuVd\" lang=\"en\"><span class=\"hgKElc\">Les roulements \u00e0 billes de pr\u00e9cision dans les classes de tol\u00e9rance ABEC-5 et ABEC-7 sont <b>recommand\u00e9s pour les applications n\u00e9cessitant une vitesse \u00e9lev\u00e9e et\/ou une pr\u00e9cision de fonctionnement extr\u00eame<\/b>.<\/span><\/span><\/div>\n<\/div>\n<\/div>\n<\/div>\n<\/div>\n<\/div>\n<p><strong>Quelle est la diff\u00e9rence entre <a href=\"https:\/\/learnanydifference.com\/difference-between-abec-5-and-abec-7-with-table\/\" target=\"_blank\" rel=\"noopener\">ABEC 5 et ABEC 7 ?<\/a><\/strong> Enfin, vous pouvez trouver et comparer tous nos <a href=\"https:\/\/ztsports.com\/product-category\/inline-speed-skating\/bearings\/\"><strong>roulements ici<\/strong><\/a>.<\/p>\n<p>Enfin, vous pouvez trouver et comparer tous nos\u00a0<a href=\"https:\/\/ztsports.com\/product-category\/inline-speed-skating\/bearings\/\"><strong>roulements ici<\/strong><\/a>.<\/p>\n","protected":false},"excerpt":{"rendered":"<p>Le roulement Bionic Abec 5 Bearing 8mm est un roulement en douceur qui ne n\u00e9cessite pas de rupture. En outre, les roulements Bionic Abec-5 sont dot\u00e9s de bagues en acier chrom\u00e9 trait\u00e9 thermiquement, d&#8217;un bouclier unique sans contact pour une maintenance sans contrainte. En outre, ils pr\u00e9sentent des rainures profondes et ne n\u00e9cessitent pas de [&hellip;]<\/p>\n","protected":false},"featured_media":18190,"comment_status":"open","ping_status":"closed","template":"","meta":{"_acf_changed":false,"_monsterinsights_skip_tracking":false,"_monsterinsights_sitenote_active":false,"_monsterinsights_sitenote_note":"","_monsterinsights_sitenote_category":0,"_uf_show_specific_survey":0,"_uf_disable_surveys":false,"site-sidebar-layout":"default","site-content-layout":"","ast-site-content-layout":"default","site-content-style":"default","site-sidebar-style":"default","ast-global-header-display":"","ast-banner-title-visibility":"","ast-main-header-display":"","ast-hfb-above-header-display":"","ast-hfb-below-header-display":"","ast-hfb-mobile-header-display":"","site-post-title":"","ast-breadcrumbs-content":"","ast-featured-img":"","footer-sml-layout":"","ast-disable-related-posts":"","theme-transparent-header-meta":"default","adv-header-id-meta":"","stick-header-meta":"","header-above-stick-meta":"","header-main-stick-meta":"","header-below-stick-meta":"","astra-migrate-meta-layouts":"set","ast-page-background-enabled":"default","ast-page-background-meta":{"desktop":{"background-color":"","background-image":"","background-repeat":"repeat","background-position":"center center","background-size":"auto","background-attachment":"scroll","background-type":"","background-media":"","overlay-type":"","overlay-color":"","overlay-opacity":"","overlay-gradient":""},"tablet":{"background-color":"","background-image":"","background-repeat":"repeat","background-position":"center center","background-size":"auto","background-attachment":"scroll","background-type":"","background-media":"","overlay-type":"","overlay-color":"","overlay-opacity":"","overlay-gradient":""},"mobile":{"background-color":"","background-image":"","background-repeat":"repeat","background-position":"center center","background-size":"auto","background-attachment":"scroll","background-type":"","background-media":"","overlay-type":"","overlay-color":"","overlay-opacity":"","overlay-gradient":""}},"ast-content-background-meta":{"desktop":{"background-color":"var(--ast-global-color-5)","background-image":"","background-repeat":"repeat","background-position":"center center","background-size":"auto","background-attachment":"scroll","background-type":"","background-media":"","overlay-type":"","overlay-color":"","overlay-opacity":"","overlay-gradient":""},"tablet":{"background-color":"var(--ast-global-color-5)","background-image":"","background-repeat":"repeat","background-position":"center center","background-size":"auto","background-attachment":"scroll","background-type":"","background-media":"","overlay-type":"","overlay-color":"","overlay-opacity":"","overlay-gradient":""},"mobile":{"background-color":"var(--ast-global-color-5)","background-image":"","background-repeat":"repeat","background-position":"center center","background-size":"auto","background-attachment":"scroll","background-type":"","background-media":"","overlay-type":"","overlay-color":"","overlay-opacity":"","overlay-gradient":""}}},"product_brand":[3280],"product_cat":[3407,3409],"product_tag":[2584,3414,3410,3415],"class_list":{"0":"post-18944","1":"product","2":"type-product","3":"status-publish","4":"has-post-thumbnail","6":"product_brand-bionic","7":"product_cat-roulements","8":"product_cat-roulements-et-outils","9":"product_tag-bionic-abec-5","10":"product_tag-palier-de-vitesse","11":"product_tag-palier-de-vitesse-en-ligne","12":"product_tag-palier-en-ligne","13":"desktop-align-left","14":"tablet-align-left","15":"mobile-align-left","17":"first","18":"instock","19":"taxable","20":"shipping-taxable","21":"purchasable","22":"product-type-simple"},"acf":[],"_links":{"self":[{"href":"https:\/\/ztsports.com\/fr\/wp-json\/wp\/v2\/product\/18944","targetHints":{"allow":["GET"]}}],"collection":[{"href":"https:\/\/ztsports.com\/fr\/wp-json\/wp\/v2\/product"}],"about":[{"href":"https:\/\/ztsports.com\/fr\/wp-json\/wp\/v2\/types\/product"}],"replies":[{"embeddable":true,"href":"https:\/\/ztsports.com\/fr\/wp-json\/wp\/v2\/comments?post=18944"}],"version-history":[{"count":1,"href":"https:\/\/ztsports.com\/fr\/wp-json\/wp\/v2\/product\/18944\/revisions"}],"predecessor-version":[{"id":18945,"href":"https:\/\/ztsports.com\/fr\/wp-json\/wp\/v2\/product\/18944\/revisions\/18945"}],"wp:featuredmedia":[{"embeddable":true,"href":"https:\/\/ztsports.com\/fr\/wp-json\/wp\/v2\/media\/18190"}],"wp:attachment":[{"href":"https:\/\/ztsports.com\/fr\/wp-json\/wp\/v2\/media?parent=18944"}],"wp:term":[{"taxonomy":"product_brand","embeddable":true,"href":"https:\/\/ztsports.com\/fr\/wp-json\/wp\/v2\/product_brand?post=18944"},{"taxonomy":"product_cat","embeddable":true,"href":"https:\/\/ztsports.com\/fr\/wp-json\/wp\/v2\/product_cat?post=18944"},{"taxonomy":"product_tag","embeddable":true,"href":"https:\/\/ztsports.com\/fr\/wp-json\/wp\/v2\/product_tag?post=18944"}],"curies":[{"name":"wp","href":"https:\/\/api.w.org\/{rel}","templated":true}]}}