{"id":18942,"date":"2021-09-23T03:09:19","date_gmt":"2021-09-23T03:09:19","guid":{"rendered":"https:\/\/ztsports.com\/?post_type=product&#038;p=18942"},"modified":"2026-02-02T19:27:33","modified_gmt":"2026-02-02T19:27:33","slug":"gyro-mercury-f2-110mm","status":"publish","type":"product","link":"https:\/\/ztsports.com\/fr\/store\/gyro-mercury-f2-110mm\/","title":{"rendered":"GYRO MERCURY F2-110mm"},"content":{"rendered":"<h1>GYRO MERCURY F2 -110mm INLINE SPEED<\/h1>\n<p>La GYRO MERCURY F2 110mm est celle que vous voulez utiliser pour la course INLINE, vous devez choisir des roues qui garantissent \u00e0 la fois un prix raisonnable et une haute qualit\u00e9 (structure de moyeu s\u00fbre). Ces roues haut de gamme ont \u00ef\u00bf\u00bdt\u00ef\u00bf\u00bd d\u00ef\u00bf\u00bdvelopp\u00ef\u00bf\u00bdes dans le laboratoire GYRO et test\u00ef\u00bf\u00bdes par des patineurs de course professionnels GYRO.<\/p>\n<p>Cette nouvelle version comprend une nouvelle formulation am\u00ef\u00bf\u00bdlior\u00ef\u00bf\u00bde de polyur\u00ef\u00bf\u00bdthane combinant des mat\u00ef\u00bf\u00bdriaux import\u00ef\u00bf\u00bds des \u00ef\u00bf\u00bdtats-Unis et d&#8217;Allemagne. Il est populaire, chaud et rapide !<\/p>\n<p>En outre, voici une <a href=\"https:\/\/www.inlineplanet.com\/2007-05\/gyro.html\" target=\"_blank\" rel=\"noopener\">critique<\/a> du<strong> blog inline planet<\/strong>.<\/p>\n<p>You can see all of <a href=\"https:\/\/ztsports.com\/product-category\/inline-speed-skating\/wheels\/\">our inline wheels<\/a> here.<\/p>\n","protected":false},"excerpt":{"rendered":"<p>GYRO MERCURY F2 -110mm INLINE SPEED La GYRO MERCURY F2 110mm est celle que vous voulez utiliser pour la course INLINE, vous devez choisir des roues qui garantissent \u00e0 la fois un prix raisonnable et une haute qualit\u00e9 (structure de moyeu s\u00fbre). Ces roues haut de gamme ont \u00ef\u00bf\u00bdt\u00ef\u00bf\u00bd d\u00ef\u00bf\u00bdvelopp\u00ef\u00bf\u00bdes dans le laboratoire GYRO et [&hellip;]<\/p>\n","protected":false},"featured_media":18187,"comment_status":"open","ping_status":"closed","template":"","meta":{"_acf_changed":false,"_monsterinsights_skip_tracking":false,"_monsterinsights_sitenote_active":false,"_monsterinsights_sitenote_note":"","_monsterinsights_sitenote_category":0,"_uf_show_specific_survey":0,"_uf_disable_surveys":false,"site-sidebar-layout":"default","site-content-layout":"","ast-site-content-layout":"default","site-content-style":"default","site-sidebar-style":"default","ast-global-header-display":"","ast-banner-title-visibility":"","ast-main-header-display":"","ast-hfb-above-header-display":"","ast-hfb-below-header-display":"","ast-hfb-mobile-header-display":"","site-post-title":"","ast-breadcrumbs-content":"","ast-featured-img":"","footer-sml-layout":"","ast-disable-related-posts":"","theme-transparent-header-meta":"default","adv-header-id-meta":"","stick-header-meta":"","header-above-stick-meta":"","header-main-stick-meta":"","header-below-stick-meta":"","astra-migrate-meta-layouts":"set","ast-page-background-enabled":"default","ast-page-background-meta":{"desktop":{"background-color":"","background-image":"","background-repeat":"repeat","background-position":"center center","background-size":"auto","background-attachment":"scroll","background-type":"","background-media":"","overlay-type":"","overlay-color":"","overlay-opacity":"","overlay-gradient":""},"tablet":{"background-color":"","background-image":"","background-repeat":"repeat","background-position":"center center","background-size":"auto","background-attachment":"scroll","background-type":"","background-media":"","overlay-type":"","overlay-color":"","overlay-opacity":"","overlay-gradient":""},"mobile":{"background-color":"","background-image":"","background-repeat":"repeat","background-position":"center center","background-size":"auto","background-attachment":"scroll","background-type":"","background-media":"","overlay-type":"","overlay-color":"","overlay-opacity":"","overlay-gradient":""}},"ast-content-background-meta":{"desktop":{"background-color":"var(--ast-global-color-5)","background-image":"","background-repeat":"repeat","background-position":"center center","background-size":"auto","background-attachment":"scroll","background-type":"","background-media":"","overlay-type":"","overlay-color":"","overlay-opacity":"","overlay-gradient":""},"tablet":{"background-color":"var(--ast-global-color-5)","background-image":"","background-repeat":"repeat","background-position":"center center","background-size":"auto","background-attachment":"scroll","background-type":"","background-media":"","overlay-type":"","overlay-color":"","overlay-opacity":"","overlay-gradient":""},"mobile":{"background-color":"var(--ast-global-color-5)","background-image":"","background-repeat":"repeat","background-position":"center center","background-size":"auto","background-attachment":"scroll","background-type":"","background-media":"","overlay-type":"","overlay-color":"","overlay-opacity":"","overlay-gradient":""}}},"product_brand":[3309,3359,3362],"product_cat":[3402,3381,3382],"product_tag":[3385,2586,2587,2588,2589,3406],"class_list":{"0":"post-18942","1":"product","2":"type-product","3":"status-publish","4":"has-post-thumbnail","6":"product_brand-gyro","7":"product_brand-x-tech","8":"product_brand-xtech","9":"product_cat-en-ligne","10":"product_cat-patinage-de-vitesse-en-ligne","11":"product_cat-roues","12":"product_tag-en-ligne","13":"product_tag-gyro","14":"product_tag-gyro-f2","15":"product_tag-gyro-mercury-f2","16":"product_tag-mercury-f2","17":"product_tag-volant-de-course-en-ligne","18":"desktop-align-left","19":"tablet-align-left","20":"mobile-align-left","22":"first","23":"instock","24":"taxable","25":"shipping-taxable","26":"purchasable","27":"product-type-simple"},"acf":[],"_links":{"self":[{"href":"https:\/\/ztsports.com\/fr\/wp-json\/wp\/v2\/product\/18942","targetHints":{"allow":["GET"]}}],"collection":[{"href":"https:\/\/ztsports.com\/fr\/wp-json\/wp\/v2\/product"}],"about":[{"href":"https:\/\/ztsports.com\/fr\/wp-json\/wp\/v2\/types\/product"}],"replies":[{"embeddable":true,"href":"https:\/\/ztsports.com\/fr\/wp-json\/wp\/v2\/comments?post=18942"}],"version-history":[{"count":1,"href":"https:\/\/ztsports.com\/fr\/wp-json\/wp\/v2\/product\/18942\/revisions"}],"predecessor-version":[{"id":18943,"href":"https:\/\/ztsports.com\/fr\/wp-json\/wp\/v2\/product\/18942\/revisions\/18943"}],"wp:featuredmedia":[{"embeddable":true,"href":"https:\/\/ztsports.com\/fr\/wp-json\/wp\/v2\/media\/18187"}],"wp:attachment":[{"href":"https:\/\/ztsports.com\/fr\/wp-json\/wp\/v2\/media?parent=18942"}],"wp:term":[{"taxonomy":"product_brand","embeddable":true,"href":"https:\/\/ztsports.com\/fr\/wp-json\/wp\/v2\/product_brand?post=18942"},{"taxonomy":"product_cat","embeddable":true,"href":"https:\/\/ztsports.com\/fr\/wp-json\/wp\/v2\/product_cat?post=18942"},{"taxonomy":"product_tag","embeddable":true,"href":"https:\/\/ztsports.com\/fr\/wp-json\/wp\/v2\/product_tag?post=18942"}],"curies":[{"name":"wp","href":"https:\/\/api.w.org\/{rel}","templated":true}]}}