{"id":18938,"date":"2021-09-23T03:09:15","date_gmt":"2021-09-23T03:09:15","guid":{"rendered":"https:\/\/ztsports.com\/?post_type=product&#038;p=18938"},"modified":"2026-02-02T19:29:16","modified_gmt":"2026-02-02T19:29:16","slug":"bionic-swiss-bearings-8mm-16-pack8mm","status":"publish","type":"product","link":"https:\/\/ztsports.com\/fr\/store\/bionic-swiss-bearings-8mm-16-pack8mm\/","title":{"rendered":"BIONIC SWISS BEARINGS 8MM16-PACK"},"content":{"rendered":"<h1>BIONIC SWISS BEARINGS 8MM16-PACK<\/h1>\n<p>Les roulements Bionic Swiss Bearings 8mm 16-Pack sont des roulements \u00e0 billes en titane. Utiliser des flasques pour prot\u00e9ger les parties internes du roulement contre la contamination par la poussi\u00e8re et les liquides.<\/p>\n<p>En outre, les flasques aident \u00e0 contenir le lubrifiant dans le roulement. Ils sont ensuite fix\u00e9s \u00e0 la bague ext\u00e9rieure et ont un joint non frottant avec la bague int\u00e9rieure.<\/p>\n<p>De plus, il ne n\u00e9cessite pas de p\u00e9riode de rodage. Roulements \u00e0 billes en titane, cage en Delrin renforc\u00e9e \u00e0 20 % par du verre avec des rainures tr\u00e8s profondes pour une long\u00e9vit\u00e9 accrue et une maintenance r\u00e9duite.<\/p>\n<div data-hveid=\"CBYQAQ\" data-ved=\"2ahUKEwiW3eH04ciHAxXErokEHf5tDAkQj7gIegQIFhAB\">\n<div class=\"dnXCYb\" tabindex=\"0\" role=\"button\" aria-controls=\"_MrelZpb8BsTdptQP_tuxSA_27\" aria-expanded=\"true\">\n<h3 class=\"JlqpRe\"><span class=\"JCzEY tNxQIb\"><span class=\"CSkcDe\">Que signifie &#8220;roulements suisses&#8221; ?<\/span><\/span><\/h3>\n<\/div>\n<\/div>\n<div id=\"_MrelZpb8BsTdptQP_tuxSA_27\" class=\"bCOlv\" data-ved=\"2ahUKEwiW3eH04ciHAxXErokEHf5tDAkQ7NUEegQIFhAE\">\n<div class=\"IZE3Td\">\n<div class=\"r2fjmd t0bRye\" data-hveid=\"CBYQBQ\" data-ved=\"2ahUKEwiW3eH04ciHAxXErokEHf5tDAkQu04oAHoECBYQBQ\">\n<div id=\"MrelZpb8BsTdptQP_tuxSA__24\">\n<div class=\"wDYxhc\" data-md=\"61\">\n<div class=\"LGOjhe\" role=\"heading\" data-attrid=\"wa:\/description\" aria-level=\"3\" data-hveid=\"CFAQAA\"><span class=\"ILfuVd\" lang=\"en\"><span class=\"hgKElc\">Vitesse plus \u00e9lev\u00e9e : les <b>roulements suisses ont un niveau de pr\u00e9cision plus \u00e9lev\u00e9 et une finition plus lisse que les roulements ordinaires<\/b>, ce qui r\u00e9duit le frottement et permet des vitesses plus \u00e9lev\u00e9es. Dur\u00e9e de vie plus longue : Les roulements suisses sont fabriqu\u00e9s \u00e0 partir de mat\u00e9riaux de meilleure qualit\u00e9, ce qui signifie qu&#8217;ils ont tendance \u00e0 durer plus longtemps que les roulements ordinaires, m\u00eame en cas d&#8217;utilisation intensive.<\/span><\/span><\/div>\n<\/div>\n<\/div>\n<\/div>\n<\/div>\n<\/div>\n<p>Un excellent article de blog de Devaskation, <a href=\"https:\/\/www.devaskation.com\/what-are-swiss-bearings\/\" target=\"_blank\" rel=\"noopener\"><br \/>\n  <strong>Qu&#8217;est-ce qu&#8217;un palier suisse ?<\/strong><br \/>\n<\/a><\/p>\n<p>Enfin, vous pouvez voir et <a href=\"https:\/\/ztsports.com\/categorie-produit\/patinage-de-vitesse-en-ligne\/roulements\/?lang=fr\"><br \/>\n  <strong>comparer tous nos roulements ici<\/strong><br \/>\n<\/a>.<\/p>\n","protected":false},"excerpt":{"rendered":"<p>BIONIC SWISS BEARINGS 8MM16-PACK Les roulements Bionic Swiss Bearings 8mm 16-Pack sont des roulements \u00e0 billes en titane. Utiliser des flasques pour prot\u00e9ger les parties internes du roulement contre la contamination par la poussi\u00e8re et les liquides. En outre, les flasques aident \u00e0 contenir le lubrifiant dans le roulement. Ils sont ensuite fix\u00e9s \u00e0 la [&hellip;]<\/p>\n","protected":false},"featured_media":18178,"comment_status":"open","ping_status":"closed","template":"","meta":{"_acf_changed":false,"_monsterinsights_skip_tracking":false,"_monsterinsights_sitenote_active":false,"_monsterinsights_sitenote_note":"","_monsterinsights_sitenote_category":0,"_uf_show_specific_survey":0,"_uf_disable_surveys":false,"site-sidebar-layout":"default","site-content-layout":"","ast-site-content-layout":"default","site-content-style":"default","site-sidebar-style":"default","ast-global-header-display":"","ast-banner-title-visibility":"","ast-main-header-display":"","ast-hfb-above-header-display":"","ast-hfb-below-header-display":"","ast-hfb-mobile-header-display":"","site-post-title":"","ast-breadcrumbs-content":"","ast-featured-img":"","footer-sml-layout":"","ast-disable-related-posts":"","theme-transparent-header-meta":"default","adv-header-id-meta":"","stick-header-meta":"","header-above-stick-meta":"","header-main-stick-meta":"","header-below-stick-meta":"","astra-migrate-meta-layouts":"set","ast-page-background-enabled":"default","ast-page-background-meta":{"desktop":{"background-color":"","background-image":"","background-repeat":"repeat","background-position":"center center","background-size":"auto","background-attachment":"scroll","background-type":"","background-media":"","overlay-type":"","overlay-color":"","overlay-opacity":"","overlay-gradient":""},"tablet":{"background-color":"","background-image":"","background-repeat":"repeat","background-position":"center center","background-size":"auto","background-attachment":"scroll","background-type":"","background-media":"","overlay-type":"","overlay-color":"","overlay-opacity":"","overlay-gradient":""},"mobile":{"background-color":"","background-image":"","background-repeat":"repeat","background-position":"center center","background-size":"auto","background-attachment":"scroll","background-type":"","background-media":"","overlay-type":"","overlay-color":"","overlay-opacity":"","overlay-gradient":""}},"ast-content-background-meta":{"desktop":{"background-color":"var(--ast-global-color-5)","background-image":"","background-repeat":"repeat","background-position":"center center","background-size":"auto","background-attachment":"scroll","background-type":"","background-media":"","overlay-type":"","overlay-color":"","overlay-opacity":"","overlay-gradient":""},"tablet":{"background-color":"var(--ast-global-color-5)","background-image":"","background-repeat":"repeat","background-position":"center center","background-size":"auto","background-attachment":"scroll","background-type":"","background-media":"","overlay-type":"","overlay-color":"","overlay-opacity":"","overlay-gradient":""},"mobile":{"background-color":"var(--ast-global-color-5)","background-image":"","background-repeat":"repeat","background-position":"center center","background-size":"auto","background-attachment":"scroll","background-type":"","background-media":"","overlay-type":"","overlay-color":"","overlay-opacity":"","overlay-gradient":""}}},"product_brand":[3280],"product_cat":[3381,3408,3407,3409],"product_tag":[2577,3410,3411,3412,3413],"class_list":{"0":"post-18938","1":"product","2":"type-product","3":"status-publish","4":"has-post-thumbnail","6":"product_brand-bionic","7":"product_cat-patinage-de-vitesse-en-ligne","8":"product_cat-patins-a-roulettes","9":"product_cat-roulements","10":"product_cat-roulements-et-outils","11":"product_tag-8mm","12":"product_tag-palier-de-vitesse-en-ligne","13":"product_tag-paquet-de-16","14":"product_tag-roulements-bionic-swiss","15":"product_tag-roulements-suisses","16":"desktop-align-left","17":"tablet-align-left","18":"mobile-align-left","20":"first","21":"instock","22":"sale","23":"taxable","24":"shipping-taxable","25":"purchasable","26":"product-type-simple"},"acf":[],"_links":{"self":[{"href":"https:\/\/ztsports.com\/fr\/wp-json\/wp\/v2\/product\/18938","targetHints":{"allow":["GET"]}}],"collection":[{"href":"https:\/\/ztsports.com\/fr\/wp-json\/wp\/v2\/product"}],"about":[{"href":"https:\/\/ztsports.com\/fr\/wp-json\/wp\/v2\/types\/product"}],"replies":[{"embeddable":true,"href":"https:\/\/ztsports.com\/fr\/wp-json\/wp\/v2\/comments?post=18938"}],"version-history":[{"count":1,"href":"https:\/\/ztsports.com\/fr\/wp-json\/wp\/v2\/product\/18938\/revisions"}],"predecessor-version":[{"id":18939,"href":"https:\/\/ztsports.com\/fr\/wp-json\/wp\/v2\/product\/18938\/revisions\/18939"}],"wp:featuredmedia":[{"embeddable":true,"href":"https:\/\/ztsports.com\/fr\/wp-json\/wp\/v2\/media\/18178"}],"wp:attachment":[{"href":"https:\/\/ztsports.com\/fr\/wp-json\/wp\/v2\/media?parent=18938"}],"wp:term":[{"taxonomy":"product_brand","embeddable":true,"href":"https:\/\/ztsports.com\/fr\/wp-json\/wp\/v2\/product_brand?post=18938"},{"taxonomy":"product_cat","embeddable":true,"href":"https:\/\/ztsports.com\/fr\/wp-json\/wp\/v2\/product_cat?post=18938"},{"taxonomy":"product_tag","embeddable":true,"href":"https:\/\/ztsports.com\/fr\/wp-json\/wp\/v2\/product_tag?post=18938"}],"curies":[{"name":"wp","href":"https:\/\/api.w.org\/{rel}","templated":true}]}}