{"id":18936,"date":"2021-09-23T03:09:17","date_gmt":"2021-09-23T03:09:17","guid":{"rendered":"https:\/\/ztsports.com\/?post_type=product&#038;p=18936"},"modified":"2026-02-02T19:27:47","modified_gmt":"2026-02-02T19:27:47","slug":"bont-g3-110mm-84a","status":"publish","type":"product","link":"https:\/\/ztsports.com\/fr\/store\/bont-g3-110mm-84a\/","title":{"rendered":"BONT G3 110mm 84A"},"content":{"rendered":"<h1>BONT G3 110 mm 84A<\/h1>\n<p>BONT G3 110mm 84A\u00a0a \u00e9t\u00e9 d\u00e9velopp\u00e9 au d\u00e9but des ann\u00e9es 2000. La formule chimique du polyur\u00e9thane utilis\u00e9 par Bont . Ce mat\u00ef\u00bf\u00bdriau a \u00ef\u00bf\u00bdt\u00ef\u00bf\u00bd utilis\u00ef\u00bf\u00bdpour fabriquer les roues de l&#8217;\u00ef\u00bf\u00bdquipe professionnelle. Premier point positif : ce mod\u00e8le est produit aux \u00c9tats-Unis d&#8217;Am\u00e9rique et non \u00e0 l&#8217;\u00e9tranger.<\/p>\n<p><strong>Description<\/strong><\/p>\n<p>La roue Bont G3 110mm 84A est \u00e9quip\u00e9e d&#8217;un noyau blanc avec 8 rayons concaves d&#8217;environ 70 mm de diam\u00e8tre. En outre, les branches sont un peu plus profondes en leur centre pour favoriser la flexion et offrir un peu plus de souplesse. Ce type de configuration am\u00e9liore notamment l&#8217;adh\u00e9rence dans les virages et sur la piste en offrant une plus grande surface de mat\u00e9riau au sol.<\/p>\n<p>De plus l&#8217;over-core, \u00e9galement blanc, est assez g\u00e9n\u00e9reux, le Bont G3 110mm 84Aa beaucoup de polyur\u00e9thane, et donc cela augmente le confort et l&#8217;inertie, au d\u00e9triment de la rigidit\u00e9.<\/p>\n<p>Comme le Bont G3 110mm 84A \u00e9quipe de nombreux patins de production, Bont a r\u00e9ussi \u00e0 r\u00e9duire les co\u00fbts de production. Elle est donc propos\u00e9e au prix attractif de 12,00 $, ce qui est tr\u00e8s bas pour une roue de ce diam\u00e8tre dont les prix oscillent habituellement entre 18,00 $ et 29,00 $.<\/p>\n<p>Dans l&#8217;ensemble, il s&#8217;agit d&#8217;une roue tr\u00e8s \u00e9conomique pour l&#8217;entra\u00eenement ou l&#8217;utilisation sur des routes difficiles.<\/p>\n<p>Voici un<a href=\"https:\/\/www.rollerenligne.com\/en\/materiel\/test-bont-wheels-g3-110-mm-84a\/\" target=\"_blank\" rel=\"noopener\"><strong> test<\/strong> effectu\u00e9 sur les roues Bont G3 110mm<\/a>.<\/p>\n<p><strong>Enfin, vous pouvez trouver toutes <a href=\"https:\/\/ztsports.com\/product-category\/inline-speed-skating\/wheels\/\">nos roues en ligne<\/a> ici.<\/strong><\/p>\n","protected":false},"excerpt":{"rendered":"<p>BONT G3 110 mm 84A BONT G3 110mm 84A\u00a0a \u00e9t\u00e9 d\u00e9velopp\u00e9 au d\u00e9but des ann\u00e9es 2000. La formule chimique du polyur\u00e9thane utilis\u00e9 par Bont . Ce mat\u00ef\u00bf\u00bdriau a \u00ef\u00bf\u00bdt\u00ef\u00bf\u00bd utilis\u00ef\u00bf\u00bdpour fabriquer les roues de l&#8217;\u00ef\u00bf\u00bdquipe professionnelle. Premier point positif : ce mod\u00e8le est produit aux \u00c9tats-Unis d&#8217;Am\u00e9rique et non \u00e0 l&#8217;\u00e9tranger. Description La roue Bont [&hellip;]<\/p>\n","protected":false},"featured_media":18175,"comment_status":"open","ping_status":"closed","template":"","meta":{"_acf_changed":false,"_monsterinsights_skip_tracking":false,"_monsterinsights_sitenote_active":false,"_monsterinsights_sitenote_note":"","_monsterinsights_sitenote_category":0,"_uf_show_specific_survey":0,"_uf_disable_surveys":false,"site-sidebar-layout":"default","site-content-layout":"","ast-site-content-layout":"default","site-content-style":"default","site-sidebar-style":"default","ast-global-header-display":"","ast-banner-title-visibility":"","ast-main-header-display":"","ast-hfb-above-header-display":"","ast-hfb-below-header-display":"","ast-hfb-mobile-header-display":"","site-post-title":"","ast-breadcrumbs-content":"","ast-featured-img":"","footer-sml-layout":"","ast-disable-related-posts":"","theme-transparent-header-meta":"default","adv-header-id-meta":"","stick-header-meta":"","header-above-stick-meta":"","header-main-stick-meta":"","header-below-stick-meta":"","astra-migrate-meta-layouts":"set","ast-page-background-enabled":"default","ast-page-background-meta":{"desktop":{"background-color":"","background-image":"","background-repeat":"repeat","background-position":"center center","background-size":"auto","background-attachment":"scroll","background-type":"","background-media":"","overlay-type":"","overlay-color":"","overlay-opacity":"","overlay-gradient":""},"tablet":{"background-color":"","background-image":"","background-repeat":"repeat","background-position":"center center","background-size":"auto","background-attachment":"scroll","background-type":"","background-media":"","overlay-type":"","overlay-color":"","overlay-opacity":"","overlay-gradient":""},"mobile":{"background-color":"","background-image":"","background-repeat":"repeat","background-position":"center center","background-size":"auto","background-attachment":"scroll","background-type":"","background-media":"","overlay-type":"","overlay-color":"","overlay-opacity":"","overlay-gradient":""}},"ast-content-background-meta":{"desktop":{"background-color":"var(--ast-global-color-5)","background-image":"","background-repeat":"repeat","background-position":"center center","background-size":"auto","background-attachment":"scroll","background-type":"","background-media":"","overlay-type":"","overlay-color":"","overlay-opacity":"","overlay-gradient":""},"tablet":{"background-color":"var(--ast-global-color-5)","background-image":"","background-repeat":"repeat","background-position":"center center","background-size":"auto","background-attachment":"scroll","background-type":"","background-media":"","overlay-type":"","overlay-color":"","overlay-opacity":"","overlay-gradient":""},"mobile":{"background-color":"var(--ast-global-color-5)","background-image":"","background-repeat":"repeat","background-position":"center center","background-size":"auto","background-attachment":"scroll","background-type":"","background-media":"","overlay-type":"","overlay-color":"","overlay-opacity":"","overlay-gradient":""}}},"product_brand":[3285],"product_cat":[3402,3381,3382],"product_tag":[],"class_list":{"0":"post-18936","1":"product","2":"type-product","3":"status-publish","4":"has-post-thumbnail","6":"product_brand-bont","7":"product_cat-en-ligne","8":"product_cat-patinage-de-vitesse-en-ligne","9":"product_cat-roues","10":"desktop-align-left","11":"tablet-align-left","12":"mobile-align-left","14":"first","15":"instock","16":"taxable","17":"shipping-taxable","18":"purchasable","19":"product-type-simple"},"acf":[],"_links":{"self":[{"href":"https:\/\/ztsports.com\/fr\/wp-json\/wp\/v2\/product\/18936","targetHints":{"allow":["GET"]}}],"collection":[{"href":"https:\/\/ztsports.com\/fr\/wp-json\/wp\/v2\/product"}],"about":[{"href":"https:\/\/ztsports.com\/fr\/wp-json\/wp\/v2\/types\/product"}],"replies":[{"embeddable":true,"href":"https:\/\/ztsports.com\/fr\/wp-json\/wp\/v2\/comments?post=18936"}],"version-history":[{"count":1,"href":"https:\/\/ztsports.com\/fr\/wp-json\/wp\/v2\/product\/18936\/revisions"}],"predecessor-version":[{"id":18937,"href":"https:\/\/ztsports.com\/fr\/wp-json\/wp\/v2\/product\/18936\/revisions\/18937"}],"wp:featuredmedia":[{"embeddable":true,"href":"https:\/\/ztsports.com\/fr\/wp-json\/wp\/v2\/media\/18175"}],"wp:attachment":[{"href":"https:\/\/ztsports.com\/fr\/wp-json\/wp\/v2\/media?parent=18936"}],"wp:term":[{"taxonomy":"product_brand","embeddable":true,"href":"https:\/\/ztsports.com\/fr\/wp-json\/wp\/v2\/product_brand?post=18936"},{"taxonomy":"product_cat","embeddable":true,"href":"https:\/\/ztsports.com\/fr\/wp-json\/wp\/v2\/product_cat?post=18936"},{"taxonomy":"product_tag","embeddable":true,"href":"https:\/\/ztsports.com\/fr\/wp-json\/wp\/v2\/product_tag?post=18936"}],"curies":[{"name":"wp","href":"https:\/\/api.w.org\/{rel}","templated":true}]}}