{"id":18934,"date":"2021-09-23T03:09:21","date_gmt":"2021-09-23T03:09:21","guid":{"rendered":"https:\/\/ztsports.com\/?post_type=product&#038;p=18934"},"modified":"2026-02-02T19:27:06","modified_gmt":"2026-02-02T19:27:06","slug":"matter-defcon-100mm","status":"publish","type":"product","link":"https:\/\/ztsports.com\/fr\/store\/matter-defcon-100mm\/","title":{"rendered":"Matter DEFCON 100mm INLINE WHEEL"},"content":{"rendered":"<h1>Matter DEFCON 100mm<\/h1>\n<p>Les roues Matter DEFCON 100mm combinent les excellentes propri\u00e9t\u00e9s de roulement des roues Matter Juice avec une superbe adh\u00e9rence, ce qui les rend id\u00e9ales pour les courses sur piste et sur route.<\/p>\n<p>La combinaison du PU rapide, du noyau EMT et de la technologie de roue convertible (donc plus de PU et plus de flexibilit\u00e9) fait de cette roue une roue tr\u00e8s durable et tr\u00e8s confortable pour patiner en m\u00eame temps.<\/p>\n<p>L&#8217;une des meilleures roues pour concourir en patinage de vitesse. Les Matter sont, aujourd&#8217;hui, le choix num\u00e9ro un des meilleurs coureurs de patinage de vitesse.<\/p>\n<p>Les Mater Defcon 100mm sont parfaites pour le <i>sprint<\/i> et la course de fond.<\/p>\n<p>La combinaison du PU rapide, du noyau EMT et de la technologie de roue convertible (donc plus de PU et plus de flexibilit\u00e9) rend cette roue tr\u00e8s performante avec de nombreuses m\u00e9dailles aux championnats du monde.<\/p>\n<p><strong><u>Sp\u00e9cifications<\/u><\/strong><\/p>\n<p>Diam\u00e8tre : 100 mm<br \/>\nDuret\u00e9 : F0<br \/>\nPoids : 126 g<\/p>\n<p>Vitesse, confort et durabilit\u00e9 : une combinaison gagnante.<\/p>\n<p>Mati\u00e8re DEFCON 100mm<\/p>\n<p>Vous pouvez voir toutes nos roues de roller ici. <a href=\"https:\/\/ztsports.com\/product-category\/inline-speed-skating\/wheels\/\">https:\/\/ztsports.com\/product-category\/inline-speed-skating\/wheels\/<\/a><\/p>\n","protected":false},"excerpt":{"rendered":"<p>Matter DEFCON 100mm Les roues Matter DEFCON 100mm combinent les excellentes propri\u00e9t\u00e9s de roulement des roues Matter Juice avec une superbe adh\u00e9rence, ce qui les rend id\u00e9ales pour les courses sur piste et sur route. La combinaison du PU rapide, du noyau EMT et de la technologie de roue convertible (donc plus de PU et [&hellip;]<\/p>\n","protected":false},"featured_media":18172,"comment_status":"open","ping_status":"closed","template":"","meta":{"_acf_changed":false,"_monsterinsights_skip_tracking":false,"_monsterinsights_sitenote_active":false,"_monsterinsights_sitenote_note":"","_monsterinsights_sitenote_category":0,"_uf_show_specific_survey":0,"_uf_disable_surveys":false,"site-sidebar-layout":"default","site-content-layout":"","ast-site-content-layout":"default","site-content-style":"default","site-sidebar-style":"default","ast-global-header-display":"","ast-banner-title-visibility":"","ast-main-header-display":"","ast-hfb-above-header-display":"","ast-hfb-below-header-display":"","ast-hfb-mobile-header-display":"","site-post-title":"","ast-breadcrumbs-content":"","ast-featured-img":"","footer-sml-layout":"","ast-disable-related-posts":"","theme-transparent-header-meta":"default","adv-header-id-meta":"","stick-header-meta":"","header-above-stick-meta":"","header-main-stick-meta":"","header-below-stick-meta":"","astra-migrate-meta-layouts":"set","ast-page-background-enabled":"default","ast-page-background-meta":{"desktop":{"background-color":"","background-image":"","background-repeat":"repeat","background-position":"center center","background-size":"auto","background-attachment":"scroll","background-type":"","background-media":"","overlay-type":"","overlay-color":"","overlay-opacity":"","overlay-gradient":""},"tablet":{"background-color":"","background-image":"","background-repeat":"repeat","background-position":"center center","background-size":"auto","background-attachment":"scroll","background-type":"","background-media":"","overlay-type":"","overlay-color":"","overlay-opacity":"","overlay-gradient":""},"mobile":{"background-color":"","background-image":"","background-repeat":"repeat","background-position":"center center","background-size":"auto","background-attachment":"scroll","background-type":"","background-media":"","overlay-type":"","overlay-color":"","overlay-opacity":"","overlay-gradient":""}},"ast-content-background-meta":{"desktop":{"background-color":"var(--ast-global-color-5)","background-image":"","background-repeat":"repeat","background-position":"center center","background-size":"auto","background-attachment":"scroll","background-type":"","background-media":"","overlay-type":"","overlay-color":"","overlay-opacity":"","overlay-gradient":""},"tablet":{"background-color":"var(--ast-global-color-5)","background-image":"","background-repeat":"repeat","background-position":"center center","background-size":"auto","background-attachment":"scroll","background-type":"","background-media":"","overlay-type":"","overlay-color":"","overlay-opacity":"","overlay-gradient":""},"mobile":{"background-color":"var(--ast-global-color-5)","background-image":"","background-repeat":"repeat","background-position":"center center","background-size":"auto","background-attachment":"scroll","background-type":"","background-media":"","overlay-type":"","overlay-color":"","overlay-opacity":"","overlay-gradient":""}}},"product_brand":[3323],"product_cat":[3402,3381,3382,3403],"product_tag":[2593,3385,3404,3405,3406],"class_list":{"0":"post-18934","1":"product","2":"type-product","3":"status-publish","4":"has-post-thumbnail","6":"product_brand-matter","7":"product_cat-en-ligne","8":"product_cat-patinage-de-vitesse-en-ligne","9":"product_cat-roues","10":"product_cat-wheels","11":"product_tag-defcon-100mm","12":"product_tag-en-ligne","13":"product_tag-matiere-defcon-100mm","14":"product_tag-roues-de-la-matiere","15":"product_tag-volant-de-course-en-ligne","16":"desktop-align-left","17":"tablet-align-left","18":"mobile-align-left","20":"first","21":"instock","22":"taxable","23":"shipping-taxable","24":"purchasable","25":"product-type-simple"},"acf":[],"_links":{"self":[{"href":"https:\/\/ztsports.com\/fr\/wp-json\/wp\/v2\/product\/18934","targetHints":{"allow":["GET"]}}],"collection":[{"href":"https:\/\/ztsports.com\/fr\/wp-json\/wp\/v2\/product"}],"about":[{"href":"https:\/\/ztsports.com\/fr\/wp-json\/wp\/v2\/types\/product"}],"replies":[{"embeddable":true,"href":"https:\/\/ztsports.com\/fr\/wp-json\/wp\/v2\/comments?post=18934"}],"version-history":[{"count":1,"href":"https:\/\/ztsports.com\/fr\/wp-json\/wp\/v2\/product\/18934\/revisions"}],"predecessor-version":[{"id":18935,"href":"https:\/\/ztsports.com\/fr\/wp-json\/wp\/v2\/product\/18934\/revisions\/18935"}],"wp:featuredmedia":[{"embeddable":true,"href":"https:\/\/ztsports.com\/fr\/wp-json\/wp\/v2\/media\/18172"}],"wp:attachment":[{"href":"https:\/\/ztsports.com\/fr\/wp-json\/wp\/v2\/media?parent=18934"}],"wp:term":[{"taxonomy":"product_brand","embeddable":true,"href":"https:\/\/ztsports.com\/fr\/wp-json\/wp\/v2\/product_brand?post=18934"},{"taxonomy":"product_cat","embeddable":true,"href":"https:\/\/ztsports.com\/fr\/wp-json\/wp\/v2\/product_cat?post=18934"},{"taxonomy":"product_tag","embeddable":true,"href":"https:\/\/ztsports.com\/fr\/wp-json\/wp\/v2\/product_tag?post=18934"}],"curies":[{"name":"wp","href":"https:\/\/api.w.org\/{rel}","templated":true}]}}