{"id":18932,"date":"2021-09-23T03:10:30","date_gmt":"2021-09-23T03:10:30","guid":{"rendered":"https:\/\/ztsports.com\/?post_type=product&#038;p=18932"},"modified":"2026-02-02T19:26:45","modified_gmt":"2026-02-02T19:26:45","slug":"top-locator-for-nagano-skate-jig","status":"publish","type":"product","link":"https:\/\/ztsports.com\/fr\/store\/top-locator-for-nagano-skate-jig\/","title":{"rendered":"TOP LOCATOR FOR NAGANO SKATE JIG"},"content":{"rendered":"<h2>TOP LOCATOR FOR NAGANO SKATE JIG<\/h2>\n<p>Le Top locator pour Nagano Skate Jig. est un outil indispensable pour ceux qui veulent s&#8217;assurer qu&#8217;ils r\u00e8glent leurs lames de la m\u00eame mani\u00e8re \u00e0 chaque aff\u00fbtage. surtout si vous \u00eates entra\u00een\u00e9 par <a href=\"https:\/\/www.youtube.com\/watch?v=0wTvXzZ_Hq0\" target=\"_blank\" rel=\"noopener\">Mike Rivet<\/a>.<\/p>\n<p>Nos localisateurs sup\u00e9rieurs ont deux hauteurs diff\u00e9rentes. Il suffit de les faire pivoter pour obtenir votre configuration d&#8217;aff\u00fbtage&#8230;<\/p>\n<p>S&#8217;ADAPTE AUX DEUX <a href=\"https:\/\/ztsports.com\/produit\/nagano-silver-jig\/?lang=fr\"><strong>ARGENT<\/strong><\/a> ET <a href=\"https:\/\/ztsports.com\/produit\/nagano-gold-jig-2-1\/?lang=fr\"><strong>D&#8217;OR<\/strong><\/a> NAGANO JIGS<\/p>\n","protected":false},"excerpt":{"rendered":"<p>TOP LOCATOR FOR NAGANO SKATE JIG Le Top locator pour Nagano Skate Jig. est un outil indispensable pour ceux qui veulent s&#8217;assurer qu&#8217;ils r\u00e8glent leurs lames de la m\u00eame mani\u00e8re \u00e0 chaque aff\u00fbtage. surtout si vous \u00eates entra\u00een\u00e9 par Mike Rivet. Nos localisateurs sup\u00e9rieurs ont deux hauteurs diff\u00e9rentes. Il suffit de les faire pivoter pour [&hellip;]<\/p>\n","protected":false},"featured_media":18166,"comment_status":"open","ping_status":"closed","template":"","meta":{"_acf_changed":false,"_monsterinsights_skip_tracking":false,"_monsterinsights_sitenote_active":false,"_monsterinsights_sitenote_note":"","_monsterinsights_sitenote_category":0,"_uf_show_specific_survey":0,"_uf_disable_surveys":false,"site-sidebar-layout":"default","site-content-layout":"","ast-site-content-layout":"default","site-content-style":"default","site-sidebar-style":"default","ast-global-header-display":"","ast-banner-title-visibility":"","ast-main-header-display":"","ast-hfb-above-header-display":"","ast-hfb-below-header-display":"","ast-hfb-mobile-header-display":"","site-post-title":"","ast-breadcrumbs-content":"","ast-featured-img":"","footer-sml-layout":"","ast-disable-related-posts":"","theme-transparent-header-meta":"default","adv-header-id-meta":"","stick-header-meta":"","header-above-stick-meta":"","header-main-stick-meta":"","header-below-stick-meta":"","astra-migrate-meta-layouts":"set","ast-page-background-enabled":"default","ast-page-background-meta":{"desktop":{"background-color":"","background-image":"","background-repeat":"repeat","background-position":"center center","background-size":"auto","background-attachment":"scroll","background-type":"","background-media":"","overlay-type":"","overlay-color":"","overlay-opacity":"","overlay-gradient":""},"tablet":{"background-color":"","background-image":"","background-repeat":"repeat","background-position":"center center","background-size":"auto","background-attachment":"scroll","background-type":"","background-media":"","overlay-type":"","overlay-color":"","overlay-opacity":"","overlay-gradient":""},"mobile":{"background-color":"","background-image":"","background-repeat":"repeat","background-position":"center center","background-size":"auto","background-attachment":"scroll","background-type":"","background-media":"","overlay-type":"","overlay-color":"","overlay-opacity":"","overlay-gradient":""}},"ast-content-background-meta":{"desktop":{"background-color":"var(--ast-global-color-5)","background-image":"","background-repeat":"repeat","background-position":"center center","background-size":"auto","background-attachment":"scroll","background-type":"","background-media":"","overlay-type":"","overlay-color":"","overlay-opacity":"","overlay-gradient":""},"tablet":{"background-color":"var(--ast-global-color-5)","background-image":"","background-repeat":"repeat","background-position":"center center","background-size":"auto","background-attachment":"scroll","background-type":"","background-media":"","overlay-type":"","overlay-color":"","overlay-opacity":"","overlay-gradient":""},"mobile":{"background-color":"var(--ast-global-color-5)","background-image":"","background-repeat":"repeat","background-position":"center center","background-size":"auto","background-attachment":"scroll","background-type":"","background-media":"","overlay-type":"","overlay-color":"","overlay-opacity":"","overlay-gradient":""}}},"product_brand":[3326],"product_cat":[3393,3398,3397],"product_tag":[3399,3400,3401,2598],"class_list":{"0":"post-18932","1":"product","2":"type-product","3":"status-publish","4":"has-post-thumbnail","6":"product_brand-nagano","7":"product_cat-aiguisage","8":"product_cat-parts-tools","9":"product_cat-support","10":"product_tag-gigue-de-nagano","11":"product_tag-pieces-detachees-nagano","12":"product_tag-reglage-de-la-hauteur-du-gabarit","13":"product_tag-top-locator","14":"desktop-align-left","15":"tablet-align-left","16":"mobile-align-left","18":"first","19":"instock","20":"taxable","21":"shipping-taxable","22":"purchasable","23":"product-type-simple"},"acf":[],"_links":{"self":[{"href":"https:\/\/ztsports.com\/fr\/wp-json\/wp\/v2\/product\/18932","targetHints":{"allow":["GET"]}}],"collection":[{"href":"https:\/\/ztsports.com\/fr\/wp-json\/wp\/v2\/product"}],"about":[{"href":"https:\/\/ztsports.com\/fr\/wp-json\/wp\/v2\/types\/product"}],"replies":[{"embeddable":true,"href":"https:\/\/ztsports.com\/fr\/wp-json\/wp\/v2\/comments?post=18932"}],"version-history":[{"count":1,"href":"https:\/\/ztsports.com\/fr\/wp-json\/wp\/v2\/product\/18932\/revisions"}],"predecessor-version":[{"id":18933,"href":"https:\/\/ztsports.com\/fr\/wp-json\/wp\/v2\/product\/18932\/revisions\/18933"}],"wp:featuredmedia":[{"embeddable":true,"href":"https:\/\/ztsports.com\/fr\/wp-json\/wp\/v2\/media\/18166"}],"wp:attachment":[{"href":"https:\/\/ztsports.com\/fr\/wp-json\/wp\/v2\/media?parent=18932"}],"wp:term":[{"taxonomy":"product_brand","embeddable":true,"href":"https:\/\/ztsports.com\/fr\/wp-json\/wp\/v2\/product_brand?post=18932"},{"taxonomy":"product_cat","embeddable":true,"href":"https:\/\/ztsports.com\/fr\/wp-json\/wp\/v2\/product_cat?post=18932"},{"taxonomy":"product_tag","embeddable":true,"href":"https:\/\/ztsports.com\/fr\/wp-json\/wp\/v2\/product_tag?post=18932"}],"curies":[{"name":"wp","href":"https:\/\/api.w.org\/{rel}","templated":true}]}}