{"id":18930,"date":"2021-09-23T03:10:34","date_gmt":"2021-09-23T03:10:34","guid":{"rendered":"https:\/\/ztsports.com\/?post_type=product&#038;p=18930"},"modified":"2026-02-02T19:26:33","modified_gmt":"2026-02-02T19:26:33","slug":"nagano-gold-jig-2-1","status":"publish","type":"product","link":"https:\/\/ztsports.com\/fr\/store\/nagano-gold-jig-2-1\/","title":{"rendered":"NAGANO GOLD JIG 2.1 Speed Skate Jig"},"content":{"rendered":"<h1>NAGANO GOLD JIG 2.1<\/h1>\n<p>Nagano GOLD JIG 2.1 in\u00e9gal\u00e9 Fabriqu\u00e9 et assembl\u00e9 au Canada avec des mat\u00e9riaux 100% canadiens. Les patineurs s&#8217;accordent \u00e0 dire que le Nagano Skate Gold Jig 2.1 est le meilleur jig du march\u00e9. Con\u00e7ue et fabriqu\u00e9e au Canada, elle est l\u00e9g\u00e8re (4,4lbs \/ 2kg) et offre ensuite un aff\u00fbtage de tr\u00e8s haute qualit\u00e9.<\/p>\n<h4>True GOLD Precision Engineering<\/h4>\n<p>Fabriqu\u00e9 en aluminium haute densit\u00e9 de haute pr\u00e9cision, son m\u00e9canisme de fixation avec patins pivotants permet \u00e0 la lame d&#8217;\u00eatre toujours \u00e0 90 degr\u00e9s. Cela permet un aff\u00fbtage rapide \u00e0 chaque fois. De plus, le Nagano Gold jig 2.1 est d\u00e9j\u00e0 utilis\u00e9 par de nombreux patineurs sur le circuit international.<\/p>\n<h4>NAGANO SKATE vise l&#8217;or<\/h4>\n<p>Le nouveau gabarit Nagano Skate Gold 2.1. Syst\u00e8me de pince rotative pour \u00e9viter toute tension sur la lame. Avec un poids de 4,4 livres, il est plus l\u00e9ger que toute autre option comparable \u00e0 un prix nettement inf\u00e9rieur. Aluminium haute densit\u00e9 usin\u00e9 et anodis\u00e9. Utilis\u00e9 par de nombreux patineurs internationaux comme Samuel Girard.<\/p>\n<p><span class=\"Y2IQFc\" lang=\"en\">En outre, un dispositif optionnel de <a href=\"https:\/\/ztsports.com\/produit\/top-locator-for-nagano-skate-jig\/?lang=fr\"><strong>Top Locater<\/strong><\/a> pour le NAGANO GOLD JIG 2.1 ici.<\/span><\/p>\n<p><a href=\"https:\/\/ztsports.com\/product-category\/sharpening\/jigs\/\"><strong> Vous pouvez trouver tous nos gabarits et kits d&#8217;aff\u00fbtage ici.<\/strong><\/a><\/p>\n<h3 class=\"style-scope ytd-watch-metadata\"><a href=\"https:\/\/www.youtube.com\/watch?v=6mu5w7rdrL0\" target=\"_blank\" rel=\"noopener\">Tutoriel d&#8217;aff\u00fbtage des patins.<\/a><\/h3>\n","protected":false},"excerpt":{"rendered":"<p>NAGANO GOLD JIG 2.1 Nagano GOLD JIG 2.1 in\u00e9gal\u00e9 Fabriqu\u00e9 et assembl\u00e9 au Canada avec des mat\u00e9riaux 100% canadiens. Les patineurs s&#8217;accordent \u00e0 dire que le Nagano Skate Gold Jig 2.1 est le meilleur jig du march\u00e9. Con\u00e7ue et fabriqu\u00e9e au Canada, elle est l\u00e9g\u00e8re (4,4lbs \/ 2kg) et offre ensuite un aff\u00fbtage de tr\u00e8s [&hellip;]<\/p>\n","protected":false},"featured_media":18161,"comment_status":"open","ping_status":"closed","template":"","meta":{"_acf_changed":false,"_monsterinsights_skip_tracking":false,"_monsterinsights_sitenote_active":false,"_monsterinsights_sitenote_note":"","_monsterinsights_sitenote_category":0,"_uf_show_specific_survey":0,"_uf_disable_surveys":false,"site-sidebar-layout":"default","site-content-layout":"","ast-site-content-layout":"default","site-content-style":"default","site-sidebar-style":"default","ast-global-header-display":"","ast-banner-title-visibility":"","ast-main-header-display":"","ast-hfb-above-header-display":"","ast-hfb-below-header-display":"","ast-hfb-mobile-header-display":"","site-post-title":"","ast-breadcrumbs-content":"","ast-featured-img":"","footer-sml-layout":"","ast-disable-related-posts":"","theme-transparent-header-meta":"default","adv-header-id-meta":"","stick-header-meta":"","header-above-stick-meta":"","header-main-stick-meta":"","header-below-stick-meta":"","astra-migrate-meta-layouts":"set","ast-page-background-enabled":"default","ast-page-background-meta":{"desktop":{"background-color":"","background-image":"","background-repeat":"repeat","background-position":"center center","background-size":"auto","background-attachment":"scroll","background-type":"","background-media":"","overlay-type":"","overlay-color":"","overlay-opacity":"","overlay-gradient":""},"tablet":{"background-color":"","background-image":"","background-repeat":"repeat","background-position":"center center","background-size":"auto","background-attachment":"scroll","background-type":"","background-media":"","overlay-type":"","overlay-color":"","overlay-opacity":"","overlay-gradient":""},"mobile":{"background-color":"","background-image":"","background-repeat":"repeat","background-position":"center center","background-size":"auto","background-attachment":"scroll","background-type":"","background-media":"","overlay-type":"","overlay-color":"","overlay-opacity":"","overlay-gradient":""}},"ast-content-background-meta":{"desktop":{"background-color":"var(--ast-global-color-5)","background-image":"","background-repeat":"repeat","background-position":"center center","background-size":"auto","background-attachment":"scroll","background-type":"","background-media":"","overlay-type":"","overlay-color":"","overlay-opacity":"","overlay-gradient":""},"tablet":{"background-color":"var(--ast-global-color-5)","background-image":"","background-repeat":"repeat","background-position":"center center","background-size":"auto","background-attachment":"scroll","background-type":"","background-media":"","overlay-type":"","overlay-color":"","overlay-opacity":"","overlay-gradient":""},"mobile":{"background-color":"var(--ast-global-color-5)","background-image":"","background-repeat":"repeat","background-position":"center center","background-size":"auto","background-attachment":"scroll","background-type":"","background-media":"","overlay-type":"","overlay-color":"","overlay-opacity":"","overlay-gradient":""}}},"product_brand":[3326],"product_cat":[3389,3391,3392,3396,3393,3394,3397],"product_tag":[],"class_list":{"0":"post-18930","1":"product","2":"type-product","3":"status-publish","4":"has-post-thumbnail","6":"product_brand-nagano","7":"product_cat-accessoires-longue-piste","8":"product_cat-accessoires-pour-la-longue-piste","9":"product_cat-accessoires-short-track","10":"product_cat-accessories","11":"product_cat-aiguisage","12":"product_cat-kits-de-gabarits","13":"product_cat-support","14":"desktop-align-left","15":"tablet-align-left","16":"mobile-align-left","18":"first","19":"instock","20":"taxable","21":"shipping-taxable","22":"purchasable","23":"product-type-simple"},"acf":[],"_links":{"self":[{"href":"https:\/\/ztsports.com\/fr\/wp-json\/wp\/v2\/product\/18930","targetHints":{"allow":["GET"]}}],"collection":[{"href":"https:\/\/ztsports.com\/fr\/wp-json\/wp\/v2\/product"}],"about":[{"href":"https:\/\/ztsports.com\/fr\/wp-json\/wp\/v2\/types\/product"}],"replies":[{"embeddable":true,"href":"https:\/\/ztsports.com\/fr\/wp-json\/wp\/v2\/comments?post=18930"}],"version-history":[{"count":1,"href":"https:\/\/ztsports.com\/fr\/wp-json\/wp\/v2\/product\/18930\/revisions"}],"predecessor-version":[{"id":18931,"href":"https:\/\/ztsports.com\/fr\/wp-json\/wp\/v2\/product\/18930\/revisions\/18931"}],"wp:featuredmedia":[{"embeddable":true,"href":"https:\/\/ztsports.com\/fr\/wp-json\/wp\/v2\/media\/18161"}],"wp:attachment":[{"href":"https:\/\/ztsports.com\/fr\/wp-json\/wp\/v2\/media?parent=18930"}],"wp:term":[{"taxonomy":"product_brand","embeddable":true,"href":"https:\/\/ztsports.com\/fr\/wp-json\/wp\/v2\/product_brand?post=18930"},{"taxonomy":"product_cat","embeddable":true,"href":"https:\/\/ztsports.com\/fr\/wp-json\/wp\/v2\/product_cat?post=18930"},{"taxonomy":"product_tag","embeddable":true,"href":"https:\/\/ztsports.com\/fr\/wp-json\/wp\/v2\/product_tag?post=18930"}],"curies":[{"name":"wp","href":"https:\/\/api.w.org\/{rel}","templated":true}]}}